{"id":346,"date":"2020-04-24T19:54:05","date_gmt":"2020-04-24T17:54:05","guid":{"rendered":"http:\/\/localhost\/DarsenamossaWP\/?page_id=346"},"modified":"2024-01-18T03:12:50","modified_gmt":"2024-01-18T02:12:50","slug":"contest-e-progetti-in-crowdsourcing","status":"publish","type":"page","link":"https:\/\/www.darsenamossa.com\/en\/contest-e-progetti-in-crowdsourcing\/","title":{"rendered":"Crowdsourcing, i portali per i talenti"},"content":{"rendered":"<p>Nell\u2019ambito dei lavori creativi, un ottimo trampolino di lancio per i freelancers \u00e8 la partecipazione a contest e progetti in crowdsourcing, promossi da aziende e da privati in cerca nuovi talenti. <\/p>\n\n\n\n<p>Oltre alla possibilit\u00e0 per tutti di farsi conoscere e di incontrare altri professionisti, al vincitore \u00e8 pagato il lavoro. <\/p>\n\n\n\n<p>Si potrebbe ritenere una forma di\u00a0<strong>Brainstorming<\/strong>\u00a02.0, ossia di collaborazioni tra pi\u00f9 menti per la realizzazione di un progetto, ma lavorando su un\u2019unica piattaforma. Ciascuno ci mette un mattoncino, per realizzare l\u2019edificio finale. Questa pratica ha un nome, ovviamente inglese:\u00a0<strong>Crowdsourcing<\/strong>, molto utile alle aziende e sta prendendo piede lentamente\u00a0<strong>anche in Italia<\/strong>. <\/p>\n\n\n\n<h4 class=\"wp-block-heading\">Crowdsourcing, cos\u2019\u00e8<\/h4>\n\n\n\n<p>Molti siti di contest hanno concretizzato e reso accessibile il principio secondo il quale un gruppo di persone pu\u00f2 ottenere risultati migliori, rispetto ad un solo individuo.<\/p>\n\n\n\n<p>Hanno fatto proprio il concetto di&nbsp;<strong>Crowdsourcing<\/strong>: Termine composto da crowd (folla) e outsourcing che \u00e8 la pratica tipica delle aziende di esternalizzare una parte delle proprie attivit\u00e0 a soggetti esterni.<\/p>\n\n\n\n<p>Il funzionamento di questa tipologia di siti \u00e8 semplice: Gli inserzionisti pubblicano un progetto che vorrebbero realizzare, inseriscono un briefing che contiene tutti i dettagli e fissano il budget che sono disposti a pagare.<br><br>Chi si iscrive ha la possibilit\u00e0 di pubblicare la propria proposta creativa. Tra tutti i partecipanti, l\u2019inserzionista, in alcuni casi la community stessa, decreta il vincitore che riceve il pagamento.<\/p>\n\n\n\n<p>I siti che propongono contest offrono compensi spesso molto contenuti, per questo sono stati accusati di sfruttare il lavoro altrui, il che in parte \u00e8 vero.<\/p>\n\n\n\n<p>Se invece proviamo a guardare a questi siti con un\u2019altra prospettiva, possono diventare una\u00a0<strong>straordinaria vetrina\u00a0<\/strong>dove dimostrare il proprio talento creativo, offrendo la possibilit\u00e0 altrimenti remota di collaborare a progetti importanti, magari realizzando un\u00a0<strong>logo<\/strong>\u00a0per un\u2019azienda importante.<\/p>\n\n\n\n<p>Questo pu\u00f2 significare un\u2019alta visibilit\u00e0 per il creativo, soprattutto se \u00e8 giovane ed ha bisogno di dimostrare sul campo le proprie capacit\u00e0.<\/p>\n\n\n\n<p>Creativi, grafici e\u00a0<strong>freelance<\/strong>\u00a0hanno ora la possibilit\u00e0 di farsi conoscere attraverso i siti di design contest e ottenere guadagni concreti sfruttando le proprie passioni e competenze.<\/p>\n\n\n\n<p>Dall\u2019altra parte, le aziende possono ottenere centinaia di proposte creative di qualit\u00e0 contenendo costi e tempi di sviluppo.<\/p>\n\n\n\n<h2 class=\"wp-block-heading\">Le cinque piattaforme migliori per il Crowdsourcing<\/h2>\n\n\n\n<p>Stabilito cosa sia il Crowdsourcing, vediamo quali sono le cinque migliori piattaforme che si trovano in rete:<\/p>\n\n\n\n<p>Come si evince da questo elenco, le piattaforme per trovare professionisti per&nbsp;il Crowdsourcing&nbsp;e sono utili per pi\u00f9 esigenze: in ambito grafico, video e in generale.<\/p>","protected":false},"excerpt":{"rendered":"<p>Nell\u2019ambito dei lavori creativi, un ottimo trampolino di lancio per i freelancers \u00e8 la partecipazione a contest e progetti in crowdsourcing, promossi da aziende e da privati in cerca nuovi talenti. Oltre alla possibilit\u00e0 per tutti di farsi conoscere e di incontrare altri professionisti, al vincitore \u00e8 pagato il lavoro. Si potrebbe ritenere una forma [&hellip;]<\/p>\n","protected":false},"author":1,"featured_media":0,"parent":0,"menu_order":0,"comment_status":"closed","ping_status":"closed","template":"","meta":{"om_disable_all_campaigns":false,"_monsterinsights_skip_tracking":false,"_monsterinsights_sitenote_active":false,"_monsterinsights_sitenote_note":"","_monsterinsights_sitenote_category":0,"footnotes":""},"class_list":["post-346","page","type-page","status-publish","hentry"],"blocksy_meta":[],"aioseo_notices":[],"_links":{"self":[{"href":"https:\/\/www.darsenamossa.com\/en\/wp-json\/wp\/v2\/pages\/346","targetHints":{"allow":["GET"]}}],"collection":[{"href":"https:\/\/www.darsenamossa.com\/en\/wp-json\/wp\/v2\/pages"}],"about":[{"href":"https:\/\/www.darsenamossa.com\/en\/wp-json\/wp\/v2\/types\/page"}],"author":[{"embeddable":true,"href":"https:\/\/www.darsenamossa.com\/en\/wp-json\/wp\/v2\/users\/1"}],"replies":[{"embeddable":true,"href":"https:\/\/www.darsenamossa.com\/en\/wp-json\/wp\/v2\/comments?post=346"}],"version-history":[{"count":7,"href":"https:\/\/www.darsenamossa.com\/en\/wp-json\/wp\/v2\/pages\/346\/revisions"}],"predecessor-version":[{"id":2878,"href":"https:\/\/www.darsenamossa.com\/en\/wp-json\/wp\/v2\/pages\/346\/revisions\/2878"}],"wp:attachment":[{"href":"https:\/\/www.darsenamossa.com\/en\/wp-json\/wp\/v2\/media?parent=346"}],"curies":[{"name":"wp","href":"https:\/\/api.w.org\/{rel}","templated":true}]}}