{"id":354,"date":"2020-04-24T19:54:06","date_gmt":"2020-04-24T17:54:06","guid":{"rendered":"http:\/\/localhost\/DarsenamossaWP\/?page_id=354"},"modified":"2023-08-14T08:59:41","modified_gmt":"2023-08-14T06:59:41","slug":"insegnamento-e-consulenza-a-distanza","status":"publish","type":"page","link":"https:\/\/www.darsenamossa.com\/en\/insegnamento-e-consulenza-a-distanza\/","title":{"rendered":"Insegnamento e Consulenza a Distanza"},"content":{"rendered":"<p>Sei un coach, un formatore, un insegnante, un professionista, oppure vorresti semplicemente vendere le tue competenze online? In questo elenco, in costante aggiornamento, trovi le piattaforme e i servizi disponibili online, attraverso cui puoi fare consulenze, formazione a distanza, vendere lezioni, corsi, tutorial, direttamente dal tuo sito Web oppure utilizzando delle piattaforme esterne.<\/p>\n\n\n\n<p>Tutti hanno idee che possono condividere. Che si tratti di come coltivare con successo in un ambiente urbano o suggerimenti su come costruire un business da zero.<\/p>\n\n\n\n<p>Il mondo \u00e8 pieno di opportunit\u00e0 per condividere le tue conoscenze, indipendentemente da dove provenga questa conoscenza e se tu abbia mai insegnato un corso in passato.<\/p>\n\n\n\n<p>Troppo spesso sentiamo le persone dire che non hanno nulla da insegnare al mondo, ma il pi\u00f9 delle volte non \u00e8 vero. E questo \u00e8 un peccato perch\u00e9 puoi guadagnare un sacco di soldi pubblicando corsi online e vendendoli a persone che sono interessate. Diamine, l&#8217;istruttore Udemy medio attira circa $ 7,000, che \u00e8 piuttosto solido quando si parla di reddito passivo.<\/p>\n\n\n\n<p>Quelli non sono nemmeno i migliori percettori. Se metti un sacco di lavoro e generi corsi di alto valore per i tuoi clienti, potresti potenzialmente inserire sei cifre dai tuoi corsi.<\/p>\n\n\n\n<p>L&#8217;unico problema \u00e8 che hai bisogno di una piattaforma per pubblicare e vendere i tuoi corsi online.\u00a0<a rel=\"noreferrer noopener\" href=\"https:\/\/ecommerce-platforms.com\/it\/ecommerce-resources\/selling-video-courses-online-with-shopify-sky-pilot-vs-uscreen-vs-sendowl\" target=\"_blank\">utilizzando Shopify con un&#8217;app funziona bene<\/a>, ma per quanto riguarda le piattaforme autonome che sono destinate esclusivamente alla vendita di corsi online?<\/p>\n\n\n\n\n\n<p><\/p>","protected":false},"excerpt":{"rendered":"<p>Sei un coach, un formatore, un insegnante, un professionista, oppure vorresti semplicemente vendere le tue competenze online? In questo elenco, in costante aggiornamento, trovi le piattaforme e i servizi disponibili online, attraverso cui puoi fare consulenze, formazione a distanza, vendere lezioni, corsi, tutorial, direttamente dal tuo sito Web oppure utilizzando delle piattaforme esterne. Tutti hanno [&hellip;]<\/p>\n","protected":false},"author":1,"featured_media":0,"parent":0,"menu_order":0,"comment_status":"closed","ping_status":"closed","template":"","meta":{"om_disable_all_campaigns":false,"_monsterinsights_skip_tracking":false,"_monsterinsights_sitenote_active":false,"_monsterinsights_sitenote_note":"","_monsterinsights_sitenote_category":0,"footnotes":""},"class_list":["post-354","page","type-page","status-publish","hentry"],"blocksy_meta":[],"aioseo_notices":[],"_links":{"self":[{"href":"https:\/\/www.darsenamossa.com\/en\/wp-json\/wp\/v2\/pages\/354","targetHints":{"allow":["GET"]}}],"collection":[{"href":"https:\/\/www.darsenamossa.com\/en\/wp-json\/wp\/v2\/pages"}],"about":[{"href":"https:\/\/www.darsenamossa.com\/en\/wp-json\/wp\/v2\/types\/page"}],"author":[{"embeddable":true,"href":"https:\/\/www.darsenamossa.com\/en\/wp-json\/wp\/v2\/users\/1"}],"replies":[{"embeddable":true,"href":"https:\/\/www.darsenamossa.com\/en\/wp-json\/wp\/v2\/comments?post=354"}],"version-history":[{"count":4,"href":"https:\/\/www.darsenamossa.com\/en\/wp-json\/wp\/v2\/pages\/354\/revisions"}],"predecessor-version":[{"id":1688,"href":"https:\/\/www.darsenamossa.com\/en\/wp-json\/wp\/v2\/pages\/354\/revisions\/1688"}],"wp:attachment":[{"href":"https:\/\/www.darsenamossa.com\/en\/wp-json\/wp\/v2\/media?parent=354"}],"curies":[{"name":"wp","href":"https:\/\/api.w.org\/{rel}","templated":true}]}}