{"id":355,"date":"2020-04-24T19:54:06","date_gmt":"2020-04-24T17:54:06","guid":{"rendered":"http:\/\/localhost\/DarsenamossaWP\/?page_id=355"},"modified":"2023-08-14T08:59:41","modified_gmt":"2023-08-14T06:59:41","slug":"vendere-pubblicita","status":"publish","type":"page","link":"https:\/\/www.darsenamossa.com\/en\/vendere-pubblicita\/","title":{"rendered":"Vendere Pubblicit\u00e0"},"content":{"rendered":"<p>Un blog privato nasce principalmente da una&nbsp;<strong>passione<\/strong>&nbsp;e da un&nbsp;<strong>interesse<\/strong>&nbsp;specifico. Ma anche se si comincia solo per hobby, i blogger investono spesso&nbsp;<strong>molto tempo ed energia<\/strong>&nbsp;nel loro progetto web. Se si promuove il proprio contenuto in maniera professionale, ne pu\u00f2 derivare un ritorno finanziario, in poche parole si pu\u00f2&nbsp;<strong>guadagnare con il proprio blog<\/strong>. Perci\u00f2 se i requisiti generali pi\u00f9 importanti vengono soddisfatti, i blogger hanno a disposizione numerose possibilit\u00e0.<\/p>\n\n\n\n<p>Nel Direct Marketing il blogger concede dietro pagamento&nbsp;<strong>uno spazio pubblicitario libero<\/strong>&nbsp;sulla sua pagina direttamente all\u2019inserzionista. Gli spazi pubblicitari gestiti in maniera indipendente possono essere molto&nbsp;<strong>redditizi<\/strong>, perch\u00e9 a differenza di AdSense o di altri servizi online simili tutti i ricavi vanno direttamente al blogger. Ma la gestione autonoma implica anche un&nbsp;<strong>maggiore impegno<\/strong>, soprattutto per quanto riguarda l\u2019aspetto dell\u2019acquisizione di nuovi partner pubblicitari. Generalmente si \u00e8 affermata la prassi secondo la quale i blogger segnalano lo spazio pubblicitario a disposizione sulla propria pagina e inseriscono nelle relative sottopagine tutte le informazioni rilevanti sul loro uso come condizioni, prezzi delle inserzioni, ecc.<\/p>\n\n\n\n<h3 class=\"wp-block-heading\">Post sponsorizzati<\/h3>\n\n\n\n<p>Attraverso i post sponsorizzati (chiamati anche&nbsp;<a href=\"https:\/\/www.ionos.it\/digitalguide\/online-marketing\/vendere-online\/che-cosa-sono-gli-advertorial\/\">advertorial<\/a>) i blogger non guadagnano con le inserzioni pubblicitarie, ma con&nbsp;<strong>post redazionali<\/strong>. Per questo scrivono articoli su un prodotto preciso, un tema concordato o riportano anche un articolo gi\u00e0 scritto (e adattato al target) dall\u2019azienda o da altre agenzie. Il&nbsp;<strong>raggio di azione<\/strong><strong>di un blog<\/strong>, l\u2019impegno e la rilevanza di un tema influiscono anche nella retribuzione dell\u2019articolo. Le&nbsp;<a href=\"https:\/\/www.ionos.it\/digitalguide\/online-marketing\/social-media\/come-sviluppare-relazioni-con-i-blogger\/\">cooperazioni con i blog<\/a>&nbsp;rientrano tra i servizi standard offerti da molte&nbsp;<strong>agenzie di marketing<\/strong>. Molti blogger faticano per\u00f2 a trovare la giusta misura tra post sponsorizzati e contenuti credibili.&nbsp;N.B.<\/p>\n\n\n\n<p>\u00c8 fondamentale che i post sponsorizzati vengano contrassegnati come tali. Il blogger \u00e8 pagato per scrivere l\u2019advertorial e promuove un prodotto, un servizio o un\u2019azienda in maniera pi\u00f9 o meno diretta. Se si evita di segnalare un post di questo tipo, ci si trova di fronte a un caso di pubblicit\u00e0 occulta.<\/p>\n\n\n\n\n\n<h3 class=\"wp-block-heading\">Affiliate Marketing<\/h3>\n\n\n\n<p>L\u2019<a href=\"https:\/\/www.ionos.it\/digitalguide\/online-marketing\/vendere-online\/come-funziona-laffiliate-marketing\/\">Affiliate Marketing<\/a>&nbsp;\u00e8 un&nbsp;<strong>marketing di \u201craccomandazione\u201d<\/strong>. L\u2019iscrizione a programmi partner corrispondenti \u00e8 di regola gratuita per i blogger. Gli autori ottengono delle provvigioni se consigliano un prodotto o un servizio nei loro articoli e un lettore segue il loro consiglio (cio\u00e8 il link). La&nbsp;<strong>provvigione pattuita<\/strong>&nbsp;(circa il 3-10 % del prezzo totale) viene pagata solo se la vendita o la stipulazione del contratto \u00e8 andata a buon fine. Tra gli intermediari pi\u00f9 famosi ci sono&nbsp;<a href=\"https:\/\/www.awin.com\/it\" target=\"_blank\" rel=\"noreferrer noopener\">Awin<\/a>&nbsp;e il&nbsp;<a href=\"https:\/\/programma-affiliazione.amazon.it\/\" target=\"_blank\" rel=\"noreferrer noopener\">programma di affiliazione di Amazon<\/a>.<\/p>\n\n\n\n\n\n<h3 class=\"wp-block-heading\">Pubblicit\u00e0 pay per click<\/h3>\n\n\n\n<p>Le inserzioni pay per click offrono un metodo semplice per inserire la pubblicit\u00e0 sulla propria pagina e cominciare cos\u00ec a guadagnare. Il servizio online di gran lunga pi\u00f9 conosciuto per la gestione di inserzioni simili \u00e8\u00a0<a rel=\"noreferrer noopener\" href=\"https:\/\/www.google.it\/adsense\/start\/\" target=\"_blank\">Google AdSense<\/a>. Le inserzioni pay per click vengono visualizzate a seconda dei contenuti e del contesto, ci\u00f2 significa che\u00a0<strong>i contenuti dell\u2019inserzione si adattano alla tematica trattata sul blog<\/strong>. Il calcolo avviene per singolo click, quindi maggiore \u00e8 il traffico generato su un blog, pi\u00f9 si pu\u00f2 trarre vantaggio da inserzioni di questo tipo.<\/p>\n\n\n\n\n\n<h3 class=\"wp-block-heading\"><strong>ClickFunnels<\/strong><\/h3>\n\n\n\n<p>Uno dei metodi piu recenti e forse quello piu&#8217; innovativo , anche se puo essere confuso con il sito stesso che e&#8217; diventato famoso per questo metodo, il concetto di click funnel e&#8217; un imbuto (funnel in inglese) , anche se in italiano sarebbe piu logico chiamrlo setaccio, dove di un bacino di utenza si tende a scremare e a indirizzare alla vendita di un prodotto , di qualsiasi genere esso sia, anche se di solito si predilige tutorial, corsi o video digitali, dove si invoglia l&#8217;utente tramite un regalo iniziale, che serve da dimostrazione a comperare cio che si propone. il sistema e&#8217; interessante perche spesso non si ha bisogno di siti complessi ne&#8217; di redigere recensioni ne&#8217; essere maestri nella scrittura, ma semplicemente tramite pagine di promozione (landing pages) che vengono spesso create con software appositi online , si dirige l&#8217;attenzione verso un webinar o un ebook che riassume un particolare corso o idea per un business o un cambiamento di uno stato di vita o simili. <\/p>","protected":false},"excerpt":{"rendered":"<p>Un blog privato nasce principalmente da una&nbsp;passione&nbsp;e da un&nbsp;interesse&nbsp;specifico. Ma anche se si comincia solo per hobby, i blogger investono spesso&nbsp;molto tempo ed energia&nbsp;nel loro progetto web. Se si promuove il proprio contenuto in maniera professionale, ne pu\u00f2 derivare un ritorno finanziario, in poche parole si pu\u00f2&nbsp;guadagnare con il proprio blog. Perci\u00f2 se i requisiti [&hellip;]<\/p>\n","protected":false},"author":1,"featured_media":0,"parent":0,"menu_order":0,"comment_status":"closed","ping_status":"closed","template":"","meta":{"om_disable_all_campaigns":false,"_monsterinsights_skip_tracking":false,"_monsterinsights_sitenote_active":false,"_monsterinsights_sitenote_note":"","_monsterinsights_sitenote_category":0,"footnotes":""},"class_list":["post-355","page","type-page","status-publish","hentry"],"blocksy_meta":[],"aioseo_notices":[],"_links":{"self":[{"href":"https:\/\/www.darsenamossa.com\/en\/wp-json\/wp\/v2\/pages\/355","targetHints":{"allow":["GET"]}}],"collection":[{"href":"https:\/\/www.darsenamossa.com\/en\/wp-json\/wp\/v2\/pages"}],"about":[{"href":"https:\/\/www.darsenamossa.com\/en\/wp-json\/wp\/v2\/types\/page"}],"author":[{"embeddable":true,"href":"https:\/\/www.darsenamossa.com\/en\/wp-json\/wp\/v2\/users\/1"}],"replies":[{"embeddable":true,"href":"https:\/\/www.darsenamossa.com\/en\/wp-json\/wp\/v2\/comments?post=355"}],"version-history":[{"count":3,"href":"https:\/\/www.darsenamossa.com\/en\/wp-json\/wp\/v2\/pages\/355\/revisions"}],"predecessor-version":[{"id":1662,"href":"https:\/\/www.darsenamossa.com\/en\/wp-json\/wp\/v2\/pages\/355\/revisions\/1662"}],"wp:attachment":[{"href":"https:\/\/www.darsenamossa.com\/en\/wp-json\/wp\/v2\/media?parent=355"}],"curies":[{"name":"wp","href":"https:\/\/api.w.org\/{rel}","templated":true}]}}