{"id":356,"date":"2020-04-24T19:54:07","date_gmt":"2020-04-24T17:54:07","guid":{"rendered":"http:\/\/localhost\/DarsenamossaWP\/?page_id=356"},"modified":"2023-11-10T16:36:14","modified_gmt":"2023-11-10T15:36:14","slug":"connettersi-a-internet-in-modo-sicuro","status":"publish","type":"page","link":"https:\/\/www.darsenamossa.com\/en\/connettersi-a-internet-in-modo-sicuro\/","title":{"rendered":"Connettersi a Internet in Modo Sicuro"},"content":{"rendered":"\n<p>Quando utilizzi hotspot Wi-Fi pubblici che si trovano ormai ovunque nel mondo \u00e8 importante proteggere i tuoi dati e la tua privacy. Grazie ai servizi, alle applicazioni e agli accessori di seguito elencati e sempre aggiornati, puoi connetterti in maniera sicura alla Rete, navigando in modo anonimo e protetto.<\/p>\n\n\n\n<p>L&#8217;importanza della sicurezza della connessione Internet per i nomadi digitali e i lavoratori a distanza, nell&#8217;era digitale di oggi, sempre pi\u00f9 persone abbracciano la libert\u00e0 e la flessibilit\u00e0 di essere un nomade digitale o un lavoratore a distanza. Con la possibilit\u00e0 di lavorare da qualsiasi parte del mondo, tutto ci\u00f2 che serve \u00e8 una connessione Internet affidabile. Tuttavia, se da un lato Internet ha reso la nostra vita pi\u00f9 facile in molti modi, dall&#8217;altro ha portato con s\u00e9 nuovi rischi per la sicurezza.<\/p>\n\n\n\n<p>Quando si \u00e8 costantemente in movimento, passando da una caffetteria all&#8217;altra o collegandosi a reti Wi-Fi pubbliche, la sicurezza online diventa una priorit\u00e0 assoluta. \u00c8 qui che entra in gioco una rete privata virtuale (VPN).<\/p>\n\n\n\n<p>Una VPN \u00e8 un servizio che consente di creare una connessione sicura a un&#8217;altra rete su Internet. Applica la crittografia del vostro traffico Internet e nasconde il vostro indirizzo IP, rendendo quasi impossibile per chiunque intercettare i vostri dati o tracciare le vostre attivit\u00e0 online.<\/p>\n\n\n\n<p>Uno dei principali vantaggi dell&#8217;utilizzo di una VPN come nomade digitale o lavoratore remoto \u00e8 il livello di sicurezza aggiuntivo che offre. Crittografando la vostra connessione a Internet, una VPN protegge le vostre informazioni sensibili, come password, dettagli della carta di credito, dati aziendali e dei clienti, da potenziali hacker e ladri di identit\u00e0.<\/p>\n\n\n\n<p>Inoltre, una VPN consente di aggirare le restrizioni geografiche e di accedere a contenuti che potrebbero essere bloccati in alcuni Paesi. Ad esempio, se state viaggiando in un Paese in cui alcuni siti web o servizi di streaming non sono disponibili, potete semplicemente connettervi a un server VPN in una localit\u00e0 diversa e accedere ai contenuti come se foste fisicamente l\u00ec.<\/p>\n\n\n\n<p>Ecco alcuni esempi reali di come una VPN pu\u00f2 essere utile ai nomadi digitali e ai lavoratori a distanza:<\/p>\n\n\n\n<p><strong>Accesso remoto sicuro<\/strong>: Quando si lavora da remoto, spesso \u00e8 necessario accedere alla rete interna dell&#8217;azienda o a file sensibili. Utilizzando una VPN, \u00e8 possibile connettersi in modo sicuro alla rete aziendale, anche se ci si trova dall&#8217;altra parte del mondo.<br><strong>Wi-Fi pubblico sicuro<\/strong>: Le reti Wi-Fi pubbliche sono famose per la loro mancanza di sicurezza. Utilizzando una VPN, potete assicurarvi che i vostri dati rimangano crittografati e protetti, anche quando siete connessi a un hotspot pubblico.<br><strong>Accesso ai contenuti internazionali<\/strong>: Molti servizi di streaming, come Netflix e Hulu, hanno librerie di contenuti diverse a seconda del Paese in cui ci si trova. Con una VPN, \u00e8 possibile passare facilmente da un server all&#8217;altro e accedere a una gamma pi\u00f9 ampia di contenuti.<\/p>\n\n\n\n<p>Qui di seguito le migliori VPN<\/p>\n\n\n\n<div class=\"wp-block-siteorigin-panels-layout-block\"><div id=\"pl-356\"  class=\"panel-layout\" ><div id=\"pg-356-0\"  class=\"panel-grid panel-no-style\" ><div id=\"pgc-356-0-0\"  class=\"panel-grid-cell\" ><div id=\"panel-356-0-0-0\" class=\"so-panel widget widget_themegrill_flash_blog tg-widget blog-section panel-first-child panel-last-child\" data-index=\"0\" >\n<div class=\"blog-wrapper tg-column-wrapper \">\n\t\t<div class=\"tg-blog-widget tg-column-3\">\n\t\t\t\t<div class=\"post-image image-none\">\n\t\t\t\t\t<\/div>\n\t\t<div class=\"blog-content\">\n\t\t\t<h3 class=\"entry-title\"><a href=\"https:\/\/www.darsenamossa.com\/?p=1029\">Come scegliere il motore di ricerca voli&#8230;<\/a><\/h3>\n\t\t\t\t\t\t<div class=\"entry-summary\">\n\t\t\t\t<p>I fattori decisivi nella scelta del motore di ricerca voli 1. Interfaccia e semplicit\u00e0 d&#039;uso Il primo elemento che colpisce di un motore di ricerca voli \u00e8 chiaramente il\u00a0modo in cui il sito\u00a0stesso\u00a0si presenta ai nostri occhi.\u00a0I portali pi\u00f9 diffusi si caratterizzano, infatti, per un&#039;organizzazione della pagina e delle scelte grafiche che possono\u00a0rendere il sito pi\u00f9 o meno &quot;user friendly&quot;, ovvero\u00a0facile da comprendere e da utilizzare\u00a0da parte di chi lo visita.Alcune piattaforme possono risultare molto caotiche, soprattutto per i meno esperti, mentre altre permettono al contrario di ricercare i voli desiderati in modo molto semplice e rapido. Oltre\u00a0al design vero [&hellip;]<\/p>\n\t\t\t<\/div>\n\t\t\t\t\t<\/div>\n\t<\/div>\n\t<\/div><!-- .blog-wrapper -->\n<\/div><\/div><\/div><\/div><\/div>\n\n\n\n<p><br>In conclusione, in quanto nomadi digitali o lavoratori a distanza, la sicurezza della vostra connessione a Internet deve essere una priorit\u00e0 assoluta. Una VPN fornisce la crittografia e la privacy necessarie per mantenere i vostri dati al sicuro, indipendentemente dalla vostra posizione nel mondo. Quindi, prima di intraprendere la vostra prossima avventura, assicuratevi di investire in un servizio VPN affidabile per proteggere voi stessi e le vostre preziose informazioni.<\/p>\n\n\n\n<p><\/p>\n","protected":false},"excerpt":{"rendered":"<p>Quando utilizzi hotspot Wi-Fi pubblici che si trovano ormai ovunque nel mondo \u00e8 importante proteggere i tuoi dati e la tua privacy. Grazie ai servizi, alle applicazioni e agli accessori di seguito elencati e sempre aggiornati, puoi connetterti in maniera sicura alla Rete, navigando in modo anonimo e protetto. L&#8217;importanza della sicurezza della connessione Internet [&hellip;]<\/p>\n","protected":false},"author":1,"featured_media":0,"parent":0,"menu_order":0,"comment_status":"closed","ping_status":"closed","template":"","meta":{"om_disable_all_campaigns":false,"_monsterinsights_skip_tracking":false,"_monsterinsights_sitenote_active":false,"_monsterinsights_sitenote_note":"","_monsterinsights_sitenote_category":0,"footnotes":""},"class_list":["post-356","page","type-page","status-publish","hentry"],"blocksy_meta":[],"aioseo_notices":[],"_links":{"self":[{"href":"https:\/\/www.darsenamossa.com\/en\/wp-json\/wp\/v2\/pages\/356","targetHints":{"allow":["GET"]}}],"collection":[{"href":"https:\/\/www.darsenamossa.com\/en\/wp-json\/wp\/v2\/pages"}],"about":[{"href":"https:\/\/www.darsenamossa.com\/en\/wp-json\/wp\/v2\/types\/page"}],"author":[{"embeddable":true,"href":"https:\/\/www.darsenamossa.com\/en\/wp-json\/wp\/v2\/users\/1"}],"replies":[{"embeddable":true,"href":"https:\/\/www.darsenamossa.com\/en\/wp-json\/wp\/v2\/comments?post=356"}],"version-history":[{"count":6,"href":"https:\/\/www.darsenamossa.com\/en\/wp-json\/wp\/v2\/pages\/356\/revisions"}],"predecessor-version":[{"id":1827,"href":"https:\/\/www.darsenamossa.com\/en\/wp-json\/wp\/v2\/pages\/356\/revisions\/1827"}],"wp:attachment":[{"href":"https:\/\/www.darsenamossa.com\/en\/wp-json\/wp\/v2\/media?parent=356"}],"curies":[{"name":"wp","href":"https:\/\/api.w.org\/{rel}","templated":true}]}}