{"id":360,"date":"2020-04-24T19:54:07","date_gmt":"2020-04-24T17:54:07","guid":{"rendered":"http:\/\/localhost\/DarsenamossaWP\/?page_id=360"},"modified":"2023-08-14T08:59:41","modified_gmt":"2023-08-14T06:59:41","slug":"trovare-connessioni-ovunque","status":"publish","type":"page","link":"https:\/\/www.darsenamossa.com\/en\/trovare-connessioni-ovunque\/","title":{"rendered":"Trovare Connessioni Ovunque"},"content":{"rendered":"<h2 class=\"wp-block-heading\">1. Condividi la Connessione Internet del tuo Smartphone<\/h2>\n\n\n\n<p>Se hai uno smartphone e un piano dati mobile, dovresti essere in grado di creare un&nbsp;<a href=\"https:\/\/www.netspotapp.com\/it\/wifi-hotspot.html\">hotspot WiFi<\/a>&nbsp;per condividere la connesione 3G o 4G con i tuoi altri dispositivi.<\/p>\n\n\n\n<p><strong>Android<\/strong><\/p>\n\n\n\n<ol class=\"wp-block-list\"><li>Apri l&#8217;app Impostazioni.<\/li><li>Premi su Altro alla fine della sezione Wireless e reti.<\/li><li>Seleziona Tethering e hotspot portatile.<\/li><\/ol>\n\n\n\n<p><img loading=\"lazy\" decoding=\"async\" alt=\"Wi-Fi hotspot Android\" width=\"620\" height=\"548\" src=\"https:\/\/www.netspotapp.com\/images\/upload\/screens\/hotspot\/Android_hotspot.jpg\"><small>Foto da www.gottabemobile.com<\/small><\/p>\n\n\n\n<ol class=\"wp-block-list\" start=\"4\"><li>Tocca Imposta un hotspot Wi-Fi.<\/li><li>Specifica un nome di rete e una password e premi Salva.<\/li><\/ol>\n\n\n\n<p><img loading=\"lazy\" decoding=\"async\" alt=\"Imposta il tuo Hotspot WiFi su Android\" width=\"620\" height=\"548\" src=\"https:\/\/www.netspotapp.com\/images\/upload\/screens\/hotspot\/Android_hotspot_settings.jpg\"><small>Foto da www.gottabemobile.com<\/small><\/p>\n\n\n\n<ol class=\"wp-block-list\" start=\"6\"><li>Spegni l&#8217;opzione hotspot&nbsp;<a href=\"https:\/\/www.netspotapp.com\/it\/what-is-portable-wifi.html\">Wi-Fi Portatile<\/a>.<\/li><\/ol>\n\n\n\n<p><strong>iOS<\/strong><\/p>\n\n\n\n<ol class=\"wp-block-list\"><li>Apri l&#8217;app Impostazioni.<\/li><li>Premi su Cellulare.<\/li><li>Premi su Hotspot Personale.<\/li><li>Tocca lo slider per attivarlo.<\/li><\/ol>\n\n\n\n<p><img loading=\"lazy\" decoding=\"async\" alt=\"Imposta il tuo Hotspot WiFi su iOS\" width=\"620\" height=\"407\" src=\"https:\/\/www.netspotapp.com\/images\/upload\/screens\/hotspot\/iOS_hotspot.jpg\"><small>Foto da www.9to5mac.com<\/small><\/p>\n\n\n\n<ol class=\"wp-block-list\" start=\"5\"><li>Puoi usare l&#8217;opzione&nbsp;<a href=\"https:\/\/www.netspotapp.com\/it\/how-to-change-wifi-password.html\">Wi-Fi Password<\/a>&nbsp;per cambiare la password del tuo Hotspot.<\/li><\/ol>\n\n\n\n<p><img loading=\"lazy\" decoding=\"async\" alt=\"Cambia la password dell'hotspot su iOS\" width=\"620\" height=\"305\" src=\"https:\/\/www.netspotapp.com\/images\/upload\/screens\/hotspot\/iOS_hotspot_settings.jpg\"><small>Foto da www.9to5mac.com<\/small><\/p>\n\n\n\n<p>Assicurati di proteggere il tuo hotspot mobile con una password forte per prevenire che le altre persone utilizzino il tuo piano dati per connettersi ad internet. Dovresti scegliere una pasword di almeno 12 caratteri, con numeri, lettere e caratteri speciali, e che non possa essere facilmente indovinata. Evita le password comuni come 12345QWERTY e non condividere la tua password con nesuno a meno che tu sia disposto a cambiarla pi\u00f9 tardi.<\/p>\n\n\n\n<p>Tieni a mente che la batteria del tuo smartphone si scaricher\u00e0 pi\u00f9 rapidamente con un hotspot mobile attivo. Quanto pi\u00f9 in fretta dipende da molti fattori, incluso il numero di dispositivi connessi all&#8217;hotspot e il tipo di connessione mobile.<\/p>\n\n\n\n<h2 class=\"wp-block-heading\">2. Usa un&#8217;App Database Hotspot<\/h2>\n\n\n\n<p>Vi \u00e8 una cos\u00ec grande richiesta per hotspot pubblici gratuiti che vi sono intere app dedicate a trovarle. Le app con database hotspot contengono enormi liste di hotspot WiFi nel mondo, e alcune hanno anche password per gli hotspot non disponibili al pubblico senza pagare. Ecco le nostre 3 app hotspot database:#1<a href=\"https:\/\/www.netspotapp.com\/it\/how-to-get-free-wifi.html#WifiMapper\"><strong>WifiMapper<\/strong><\/a>#2<a href=\"https:\/\/www.netspotapp.com\/it\/how-to-get-free-wifi.html#Wiman\"><strong>Wiman<\/strong><\/a>#3<a href=\"https:\/\/www.netspotapp.com\/it\/how-to-get-free-wifi.html#Avast_Wi_Fi_Finder\"><strong>Avast Wi-Fi Finder<\/strong><\/a><\/p>\n\n\n\n<h3 class=\"wp-block-heading\"><a href=\"https:\/\/opensignal.com\/blog\/category\/wifimapper\/\" target=\"_blank\" rel=\"noreferrer noopener\">WifiMapper<\/a><\/h3>\n\n\n\n<hr class=\"wp-block-separator\"\/>\n\n\n\n<p>Questa app eccellente e facile da usare contiene una lunga lista di hotspot ed informazioni riguardo ad essi. Per ogni hotspot puoi mostrare commenti di WifiMapper e Foursquare, il tipo di hotspot e la sua posizione esatta.<img loading=\"lazy\" decoding=\"async\" alt=\"WifiMapper OpenSignal\" width=\"620\" height=\"388\" src=\"https:\/\/www.netspotapp.com\/images\/upload\/screens\/apps\/OpenSignal_Android.png\">WifiMapper OpenSignal<\/p>\n\n\n\n<p>Nel futuro gli sviluppatori di quest&#8217;app vorrebbero implementare la funzionalit\u00e0 di condivisione delle password e mappe hotspot offline.<\/p>\n\n\n\n<h3 class=\"wp-block-heading\"><a href=\"https:\/\/www.wiman.me\/\" target=\"_blank\" rel=\"noreferrer noopener\">Wiman<\/a><\/h3>\n\n\n\n<hr class=\"wp-block-separator\"\/>\n\n\n\n<p>Diventato rapidamente il database pi\u00f9 grande per gli hotspot nel mondo, Wiman pu\u00f2 aiutarti a trovare hotspot WiFi gratuiti dovunque vuoi andare. Wiman funziona come un manager di connessioni sul tuo tuo telefono, offrendoti wifi gratuito e classificando gli hotspot in base alla loro qualit\u00e0.<img loading=\"lazy\" decoding=\"async\" alt=\"Wiman\" width=\"620\" height=\"465\" src=\"https:\/\/www.netspotapp.com\/images\/upload\/screens\/apps\/wiman.png\">Wiman<\/p>\n\n\n\n<p>Puoi guadagnare speciali ricompense utilizzando l&#8217;app e competendo con amici per vedere chi pu\u00f2 trovare il maggior numero di hotspot WiFi.<\/p>\n\n\n\n<h3 class=\"wp-block-heading\"><a href=\"https:\/\/www.avast.com\/wifi-finder\" target=\"_blank\" rel=\"noreferrer noopener\">Avast Wi-Fi Finder<\/a><\/h3>\n\n\n\n<hr class=\"wp-block-separator\"\/>\n\n\n\n<p>La compagnia di cybersicurezza Avast ha creato un incredibilmente conveniente app per ricerca di WiFi che pu\u00f2 darti la risposta a questa domanda, &#8220;vi \u00e8 una del wifi gratuito vicino a me?&#8221; con un singolo tocco sullo schermo.<img loading=\"lazy\" decoding=\"async\" alt=\"Avast Wi-Fi Finder\" width=\"620\" height=\"401\" src=\"https:\/\/www.netspotapp.com\/images\/upload\/screens\/apps\/Avast_Wi-Fi_Finder.png\">Avast Wi-Fi Finder<\/p>\n\n\n\n<p>Avast Wi-Fi Finder funziona anche senza una connessione ad internet ed ha un grosso database di password WiFi fornite dai membri della comunit\u00e0 di Avast di tutto il mondo.<\/p>\n\n\n\n\n\n<h2 class=\"wp-block-heading\">3. Compra un Router Portatile<\/h2>\n\n\n\n<p>I router portatili, anche conosciuti come router da viaggio, non sono molto differenti dai&nbsp;<a href=\"https:\/\/www.netspotapp.com\/it\/about-wifi-routers.html\">router<\/a>&nbsp;che hai a casas. Invece di essere connessi ad internet tramite un cavo, hanno uno slot per una SIM card che ti consente di connetterti alle reti 3G e 4G praticamente ovunque nel mondo.<\/p>\n\n\n\n<p>Una volta connesso, un router portatile pu\u00f2 creare una rete WiFi per consentirti di collegare tutti i tuoi dispositivi ad internet.eate a WiFi network, so you can connect all your electronic devices to the internet.<\/p>\n\n\n\n<p>I router portatili sono relativamente economivi e spesso durano una giornata con una singola carica. Quando scegli un router portatile, presta attenzione a quante connessioni contemporanee massime pu\u00f2 supportare e quanto \u00e8 veloce.<img loading=\"lazy\" decoding=\"async\" alt=\"Router portatili\" width=\"620\" height=\"404\" src=\"https:\/\/www.netspotapp.com\/images\/upload\/screens\/hotspot\/Portable_router.jpg\">Router portatili<\/p>\n\n\n\n<p>I router portatili pi\u00f9 economici supportano al massimo solo tre connessioni, mentre quelli premium possono offrire pi\u00f9 di 10 connessioni contemporanee. Ovviamente, l&#8217;hotspot wifi gratuito creato utilizzando un router portatile non sar\u00e0 tecnicamente gratuito in quanto dovrai acquistare il router e la SIMcard, ma la sua convenienza rende valido l&#8217;investimento iniziale.<\/p>\n\n\n\n\n\n<h2 class=\"wp-block-heading\">4. Visita Posizioni Popolari con Hotspot WiFi<\/h2>\n\n\n\n<p>Vi sono certi posti dove \u00e8 quasi garantito trovare il WiFi gratuito. Se ti sei mai chiesto come avere il WiFi gratuito a casa, dovresti considerare di trasferirti vicino ad uno di questi posti:<\/p>\n\n\n\n<ul class=\"wp-block-list\"><li><strong>Biblioteche<\/strong>&nbsp;\u2014 Lo scopo delle biblioteche \u00e8 di promuovere l&#8217;educazioe della comunit\u00e0 locale, e fornire accesso gratutito ad internet \u00e8 uno dei modi in cui le biblioteche raggiungono il loro obbiettivo. Oltre alle bibglioteche le librerie locali sono un buon posto dove trovare un hotspot WiFi gratutito.<\/li><li><strong>Piazze Pubbliche<\/strong>&nbsp;\u2014 Negli ultimi anni, le citt\u00e0 nel mondo hanno iniziato a coprire le piazze pubbliche con hotspot WiFi gratuiti per attrarre pi\u00f9 traffico pedonale nei negozi locali. Con centinaia e potenzialmente migliaia di persone connesse allo stesso tempo, non devi aspettarti che il WiFi nel centro storico della tu\u00f2 citt\u00e0 possa essere simile alla connessione con fibra che hai a casa, ma anche una&nbsp;<a href=\"https:\/\/www.netspotapp.com\/it\/how-to-fix-slow-wifi.html\">connessione ad internet lenta<\/a>&nbsp;\u00e8 meglio di nessuna connessione.<\/li><li><strong>McDonald\u2019s\/Starbucks<\/strong>&nbsp;\u2014 McDonald&#8217;s, Starbucks, Ben &amp; Jerry&#8217;s, \u00e8 altre catene di fast food popolari, gelatai e ristoranti hanno scoperto da molto il guadagno generato dall&#8217;avere una hotspot WiFi gratuito. Si, potresti dover ordinare un cheesburger o un cappucino per connetterti, ma \u00e8 un piccolo prezzo saporito da pagare per un accesso ad internet veloce.<\/li><\/ul>\n\n\n\n<h2 class=\"wp-block-heading\">5. Cerca Reti WiFi Nascoste<\/h2>\n\n\n\n<p>Le reti wilreless sono identificate da un SSID (Service Set Identifier), che essenzialmente \u00e8 il nome della rete. Senza molto lavoro \u00e8 possibile nascondere l&#8217;SSID di una rete per renderla invisibile e pertanto creare una rete che non sia individuabile dai vari dispositivi WiFi.<\/p>\n\n\n\n<p>Ma seppur la rete sia nascosta non significa che non possa essere scoperta. Usando un app&nbsp;<a href=\"https:\/\/www.netspotapp.com\/it\/about-wifi-analyzer.html\">per l&#8217;analisi WiFi<\/a>&nbsp;come NetSpot, \u00e8 possibile trovare le reti wireless vicine. NetSpot funziona si Windows e computer macOS, e offre due modalit\u00e0 di analisi WiFi e supporta tutte le reti 802.11 networks, sia nelle bande a 2.4 GHz e 5 GHz.<img loading=\"lazy\" decoding=\"async\" alt=\"Modalit\u00e0 scoperta\" width=\"620\" height=\"366\" src=\"https:\/\/www.netspotapp.com\/images\/upload\/screens\/Netspot620-1240\/netspot-2-discover.jpg\">Modalit\u00e0 scoperta<\/p>\n\n\n\n<p>Per scoprire reti WiFi nascoste con NetSpot:<\/p>\n\n\n\n<ol class=\"wp-block-list\"><li>Avvia NetSpot.<\/li><li>Attiva la modalit\u00e0 Scoperta.<\/li><li>Aspetta che la scansione automatica scopra le reti vicine.<\/li><\/ol>","protected":false},"excerpt":{"rendered":"<p>1. Condividi la Connessione Internet del tuo Smartphone Se hai uno smartphone e un piano dati mobile, dovresti essere in grado di creare un&nbsp;hotspot WiFi&nbsp;per condividere la connesione 3G o 4G con i tuoi altri dispositivi. Android Apri l&#8217;app Impostazioni. Premi su Altro alla fine della sezione Wireless e reti. Seleziona Tethering e hotspot portatile. [&hellip;]<\/p>\n","protected":false},"author":1,"featured_media":0,"parent":0,"menu_order":0,"comment_status":"closed","ping_status":"closed","template":"","meta":{"om_disable_all_campaigns":false,"_monsterinsights_skip_tracking":false,"_monsterinsights_sitenote_active":false,"_monsterinsights_sitenote_note":"","_monsterinsights_sitenote_category":0,"footnotes":""},"class_list":["post-360","page","type-page","status-publish","hentry"],"blocksy_meta":[],"aioseo_notices":[],"_links":{"self":[{"href":"https:\/\/www.darsenamossa.com\/en\/wp-json\/wp\/v2\/pages\/360","targetHints":{"allow":["GET"]}}],"collection":[{"href":"https:\/\/www.darsenamossa.com\/en\/wp-json\/wp\/v2\/pages"}],"about":[{"href":"https:\/\/www.darsenamossa.com\/en\/wp-json\/wp\/v2\/types\/page"}],"author":[{"embeddable":true,"href":"https:\/\/www.darsenamossa.com\/en\/wp-json\/wp\/v2\/users\/1"}],"replies":[{"embeddable":true,"href":"https:\/\/www.darsenamossa.com\/en\/wp-json\/wp\/v2\/comments?post=360"}],"version-history":[{"count":3,"href":"https:\/\/www.darsenamossa.com\/en\/wp-json\/wp\/v2\/pages\/360\/revisions"}],"predecessor-version":[{"id":1664,"href":"https:\/\/www.darsenamossa.com\/en\/wp-json\/wp\/v2\/pages\/360\/revisions\/1664"}],"wp:attachment":[{"href":"https:\/\/www.darsenamossa.com\/en\/wp-json\/wp\/v2\/media?parent=360"}],"curies":[{"name":"wp","href":"https:\/\/api.w.org\/{rel}","templated":true}]}}