{"id":415,"date":"2020-04-24T20:18:48","date_gmt":"2020-04-24T18:18:48","guid":{"rendered":"http:\/\/localhost\/DarsenamossaWP\/?page_id=415"},"modified":"2023-08-14T08:59:41","modified_gmt":"2023-08-14T06:59:41","slug":"scambiare-la-propria-abitazione","status":"publish","type":"page","link":"https:\/\/www.darsenamossa.com\/en\/scambiare-la-propria-abitazione\/","title":{"rendered":"Scambiare la Propria Abitazione"},"content":{"rendered":"<p>Scambiare la tua casa con altri viaggiatori \u00e8 una alternativa valida e sempre pi\u00f9 utilizzata per assicurarsi un alloggio confortevole e gratuito quando si viaggia. Elencati qui sotto trovi i servizi,sempre aggiornati, pi\u00f9 conosciuti e utilizzati dai viaggiatori di tutto il mondo per contattare altri viaggiatori interessati a uno scambio casa, per periodi pi\u00f9 o meno lunghi. Qui alcuni siti su cui cominciare a pensare a questa opportunita&#8217;<\/p>\n\n\n\n\n\n<p>Per molti viaggiatori uno scambio di casa \u00e8 un modo economico, confortevole e affascinante per le vacanze lontano da casa. Accetti di occupare la casa di qualcuno a destinazione mentre lui o lei occupa la tua. Le possibilit\u00e0 di scambi di case sono praticamente infinite. Esistono diversi tipi di scambi di case. In uno scambio tradizionale, tu e il tuo partner di scambio viaggiate contemporaneamente e soggiornate nelle residenze primarie reciproche. Tuttavia, \u00e8 emerso un altro tipo di scambio per le persone che possiedono pi\u00f9 di una casa. Negli &#8220;scambi non simultanei&#8221;, i partner che scambiano casa non devono preoccuparsi di coordinare le date e viaggiare allo stesso tempo. Invece, i partner di scambio vengono a soggiornare in una casa di vacanza o in una residenza secondaria mentre il proprietario continua a vivere nella propria casa principale. Quindi il proprietario pu\u00f2 recarsi in un&#8217;altra propriet\u00e0 di scambio di casa ogni volta che \u00e8 conveniente. (IVHE.com \u00e8 una buona risorsa per i viaggiatori che cercano scambi non simultanei.) Un terzo tipo di scambio, noto come scambio di ospitalit\u00e0, coinvolge te e il tuo partner commerciale a turno, rimanendo come ospiti nelle case principali degli altri. Tradizionalmente, i servizi di scambio di casa pi\u00f9 popolari per gli americani sono due reti diffuse, Intervac e HomeLink USA, che sono in attivit\u00e0 dagli anni &#8217;50. Tuttavia, anche molte altre societ\u00e0 di scambio di case sono diventate popolari, tra cui la pi\u00f9 grande rete di scambio di case, HomeExchange.com (come descritto in The Holiday) e LoveHomeSwap.com. ScambioCasa offre due tipi di scambi: uno \u00e8 lo scambio classico mentre l&#8217;altro \u00e8 chiamato scambio GuestPoints, in cui gli ospiti rimarranno a casa dell&#8217;host, utilizzando un certo numero di GuestPoints. L&#8217;host sar\u00e0 in grado di utilizzare questi GuestPoints per andare a stare a casa di un altro membro. Ogni membro riceve GuestPoints per accoglierli al momento della registrazione. Se sei impostato su una destinazione specifica, troverai spesso una migliore disponibilit\u00e0 e pi\u00f9 opzioni con un&#8217;agenzia pi\u00f9 piccola che si trova dove vorresti alloggiare rispetto a una rete globale. Ad esempio, prova le vacanze a casa base per gli scambi nel Regno Unito o lo scambio di case australiane per gli scambi in Australia. Uno scambio di casa \u00e8 per te? Lo scambio di casa non \u00e8 adatto a tutti. Alcune persone adorano scambiarsi e farlo pi\u00f9 volte all&#8217;anno perch\u00e9 consente loro di sperimentare nuovi posti senza pagare per hotel, ristoranti o, in molti casi, trasporti (l&#8217;uso dell&#8217;auto di famiglia \u00e8 incluso in molti scambi di case). Gli scambi domestici sono anche un ottimo modo per integrarsi nella vita di una comunit\u00e0 locale poich\u00e9 il partner di scambio spesso lascia informazioni privilegiate sulla zona e presenta i nuovi arrivati \u200b\u200bai vicini o agli amici. Tuttavia, alcuni viaggiatori vengono disattivati \u200b\u200bdal fatto di dover cucinare e pulire durante le loro vacanze, mentre altri si sentono a disagio per avere estranei che vivono nelle proprie case. (In quest&#8217;ultimo caso, una casa vacanza potrebbe essere una scelta migliore.) E tieni presente che gli scambi di casa possono essere facili o difficili da organizzare in base a dove si trova la tua casa. Qualcuno con un appartamento popolare vicino all&#8217;Arco di Trionfo non \u00e8 probabile che voglia scambiare una casa alla periferia di Columbia, Missouri, a meno che per caso il parigino stia insegnando all&#8217;Universit\u00e0 del Missouri per l&#8217;estate. D&#8217;altra parte, se vivi in \u200b\u200buna destinazione popolare come Chicago o New York City, avrai una gamma molto pi\u00f9 ampia di offerte. Ci\u00f2 non significa che non dovresti provare uno scambio di casa se vivi in \u200b\u200bun&#8217;area fuori mano, ma preparati a lavorare un po &#8216;pi\u00f9 duramente per trovare uno scambio di successo. Ovviamente, lo scambio di casa non \u00e8 per il viaggiatore itinerante questo-\u00e8-marted\u00ec-cos\u00ec-deve-essere-Belgio, ma piuttosto per i cosiddetti viaggiatori lenti che rimarranno per un po &#8216;. (La maggior parte degli scambi dura da una a quattro settimane.) Gli scambi domestici sono la base ideale per escursioni di un giorno o nel fine settimana. Forse la cosa migliore \u00e8 che lo scambio di casa ti rende immediatamente parte di una nuova comunit\u00e0. \u00c8 probabile che tu e il tuo partner di swap vi lascerete a vicenda presentazioni ad amici e vicini, il che non solo fornisce sicurezza, ma ti mette anche rapidamente a casa in un ambiente sconosciuto e pu\u00f2 aiutarti a ottenere il massimo da un&#8217;esperienza interculturale.<\/p>\n\n\n\n<p>Come impostare uno scambio casa La maggior parte delle organizzazioni di scambio casa addebita una quota associativa mensile o annuale. Molti ti consentono di cercare nei loro database o visualizzare gratuitamente elenchi di esempio prima di aderire. Esistono anche diverse organizzazioni che non applicano una quota associativa, ma potresti scoprire che otterrai offerte pi\u00f9 serie nell&#8217;ambito di una rete in cui i membri hanno pagato denaro per la loro inserzione. Lo scambio di casa \u00e8 un ottimo modo per risparmiare sugli alloggi anche per viaggi pi\u00f9 lunghi, poich\u00e9 al massimo si paga solo una quota associativa. Alcune organizzazioni ti forniranno una guida dettagliata su come organizzare uno scambio o addirittura organizzarne uno per te. Dopo aver scelto un&#8217;azienda con cui lavorare, la strategia migliore \u00e8 pianificare il pi\u00f9 in anticipo possibile e essere flessibili sulle date. Nella scheda e nella lettera di offerta che viene inviata via email a un potenziale partner di scambio, descrivi la tua casa e famiglia, il tuo quartiere, i trasporti, le strutture della comunit\u00e0 e le attrazioni, qualsiasi cosa tu possa pensare per rendere desiderabile uno scambio. Di solito puoi anche caricare foto della tua casa da includere nella tua scheda. Se vieni rifiutato da un potenziale partner di scambio, chiedi di tenerlo presente il prossimo anno. Pi\u00f9 partner di scambio raggiungi, migliori saranno le tue possibilit\u00e0 di evitare delusioni. Ma sii realistico nelle tue aspettative, basato su un&#8217;analisi fattuale di ci\u00f2 che hai da offrire. Sii preciso su ci\u00f2 che offri e cosa ti aspetti: uso dell&#8217;auto di famiglia, aiuto domestico, disponibilit\u00e0 di baby sitter, approvazione per portare un cane, privilegi della piscina, shopping a pochi passi, qualunque cosa. CORRELATO: Abbandona l&#8217;hotel: 10 modi pi\u00f9 economici per rimanere La tua casa sar\u00e0 in buone mani? \u00c8 probabile che la tua casa sia al sicuro, in particolare se stai effettuando uno scambio diretto perch\u00e9 dovresti prenderti cura adeguatamente della casa del tuo partner commerciale mentre lui o lei \u00e8 nella tua. La corrispondenza frequente e \/ o le chat telefoniche tra i partner prima che avvenga lo scambio miglioreranno l&#8217;amicizia e la fiducia. Se possibile, incontrarsi in una casa o nell&#8217;altra per iniziare lo scambio. E assicurati che entrambi siano adeguatamente assicurati (questo include l&#8217;assicurazione auto se il tuo veicolo sar\u00e0 coinvolto nello scambio). I problemi con gli scambi di casa sono in realt\u00e0 piuttosto rari. I problemi pi\u00f9 comuni derivano da vari standard di pulizia. Se hai problemi pi\u00f9 seri con il tuo scambio, dovresti segnalarli alla tua organizzazione di scambio di casa, ma tieni presente che la maggior parte di queste organizzazioni non accetta la responsabilit\u00e0 per i danni associati a qualsiasi scambio. Al massimo, l&#8217;iscrizione al tuo partner commerciale potrebbe essere revocata. Per evitare problemi o incomprensioni, potresti voler chiedere riferimenti prima di accettare uno scambio di casa. \u00c8 anche una buona idea firmare un accordo scritto informale che delinei i termini del tuo scambio. Il tuo partner di scambio potr\u00e0 utilizzare il tuo computer o il tuo telefono? Hai accettato di annaffiare le loro piante? L&#8217;auto di famiglia far\u00e0 parte dell&#8217;accordo? Molte organizzazioni di scambio di casa hanno accordi di esempio che \u00e8 possibile stampare e utilizzare ogni volta che si cambia casa. Alcune piattaforme hanno anche un servizio di verifica e garanzia di soddisfazione; uno dei vantaggi della piattaforma HomeExchange \u00e8 la disponibilit\u00e0 di assistenza multilingue 24 ore su 24, 7 giorni su 7, in caso di emergenza. Lascia al tuo partner commerciale numeri di contatto importanti, informazioni sull&#8217;assicurazione, istruzioni su come usare i tuoi elettrodomestici, lenzuola pulite, molta carta igienica e altri articoli per la casa e una piccola quantit\u00e0 di cibi e bevande freschi per tenere a bada i tuoi ospiti fino a quando possono ottenere al negozio di alimentari pi\u00f9 vicino. Assicurati che la casa sia pulita e che hai lasciato un sacco di spazio per cassetti e armadi in modo che i tuoi ospiti possano disimballare e sistemarsi. Se hai oggetti di valore che non desideri siano accessibili al tuo partner commerciale, potresti voler riporli in una cassaforte o chiudere una stanza della casa mentre non ci sei. All&#8217;altra estremit\u00e0 dello scambio, assicurati di lasciare la casa del tuo partner commerciale esattamente come l&#8217;hai trovata: pulisci il frigorifero, aspira i pavimenti, raddrizza gli spazi abitativi principali e assicurati che ci siano lenzuola fresche sui letti. Se ti \u00e8 piaciuto il tuo soggiorno, considera di lasciare al tuo partner commerciale una bottiglia di vino, un cesto di frutta o un altro piccolo regalo come segno del tuo apprezzamento.<\/p>\n\n\n\n<p><\/p>\n\n\n\n<p><\/p>\n\n\n\n<p><\/p>\n\n\n\n<p><\/p>\n\n\n\n<p><\/p>\n\n\n\n<p><\/p>\n\n\n\n<p><\/p>\n\n\n\n<p><\/p>\n\n\n\n<h1 class=\"wp-block-heading\">Scambio casa: ecco come funziona<\/h1>\n\n\n\n<p>Sono ormai 10 anni che ognuno di noi, ogni padre di famiglia, ogni studente universitario, ogni lavoratore precario e ogni stagista incallito combatte la sua personale battaglia contro la crisi, acerrima nemica di ogni italiano. Inutile girarci intorno, la nostra \u00e8 una vera e propria sfida alla sopravvivenza, che affrontiamo tutti i giorni con l\u2019inequivocabile aplomb che ci&nbsp;contraddistingue nel mondo. Dopo un decennio di ristrettezze, instabilit\u00e0 economiche e corse al risparmio, per\u00f2, c\u2019\u00e8 chi si \u00e8 organizzato e con un po\u2019 di estro riesce a far quadrare i conti, concedendosi anche una vacanza. Come? Di certo non come si faceva nel secolo scorso, ma in un modo tutto nuovo, in un mondo tutto nuovo, con meno limiti e confini.Indice<\/p>\n\n\n\n<ul class=\"wp-block-list\"><li><a href=\"https:\/\/www.moduli.it\/scambio-casa-ecco-come-funziona-14507#toc_001\">Scambi online: ecco come funziona lo scambio della propria abitazione per le vacanze<\/a><\/li><li><a href=\"https:\/\/www.moduli.it\/scambio-casa-ecco-come-funziona-14507#toc_002\">Scambio e baratto casa: i siti pi\u00f9 affidabili e come utilizzarli<\/a><\/li><li><a href=\"https:\/\/www.moduli.it\/scambio-casa-ecco-come-funziona-14507#toc_003\">Scambio casa: come preparare la tua casa allo scambio<\/a><\/li><li><a href=\"https:\/\/www.moduli.it\/scambio-casa-ecco-come-funziona-14507#toc_004\">Scambio casa: quali differenze con Airbnb e l\u2019house sitting<\/a><\/li><\/ul>\n\n\n\n<p>Le vacanze ora si prenotano e si pagano da casa, comodamente seduti davanti al pc, grazie ai tanti portali online e alla vasta scelta che offrono agli utenti. Tra offerte&nbsp;<a href=\"https:\/\/www.moduli.it\/viaggi-last-minute-come-e-dove-prenotare-i-pacchetti-migliori-13676\"><strong>lastminute<\/strong><\/a>,&nbsp;<a href=\"https:\/\/www.moduli.it\/formula-roulette-14503\"><strong>formule roulette<\/strong><\/a>&nbsp;e offerte speciali, ognuno pu\u00f2 costruirsi da zero la propria vacanza oppure acquistare un pacchetto in promozione in agenzia. Non \u00e8 tutto, perch\u00e9 le ultime tendenze in fatto di&nbsp;<strong>viaggi low cost<\/strong>&nbsp;sfondano una nuova porta: quella di casa tua. Grazie a siti come&nbsp;<a href=\"https:\/\/www.moduli.it\/airbnb-cos-e-e-come-funziona-13610\"><strong>Airbnb<\/strong><\/a>&nbsp;e&nbsp;<a href=\"https:\/\/www.moduli.it\/i-migliori-siti-per-affittare-case-vacanze-13636\">simili<\/a>&nbsp;puoi affittare un posto letto, una stanza o un\u2019intera tenuta. Viceversa, puoi cercare alloggio presso le sistemazioni offerte dagli utenti, risparmiando cifre consistenti rispetto a residence e alberghi. Qualora, per\u00f2, non fossi disposto a spendere nemmeno un euro per affittare una stanza o un\u2019intera casa vacanza, ti consigliamo di non rivolgerti a&nbsp;<a href=\"https:\/\/www.moduli.it\/offerte-vacanze-in-rete-attenzione-ai-siti-ingannevoli-14501\">siti inaffidabili<\/a>, ma piuttosto contemplare un\u2019alternativa interessante: quella dello&nbsp;<strong>scambio casa<\/strong>. Vuoi sapere come funziona? Continua a leggere i prossimi paragrafi e lo scoprirai.<\/p>\n\n\n\n<h2 class=\"wp-block-heading\" id=\"toc_001\">Scambi online: ecco come funziona lo scambio della propria abitazione per le vacanze<\/h2>\n\n\n\n<p>Il concetto dello&nbsp;<strong>scambio casa<\/strong>&nbsp;\u00e8 molto semplice: due famiglie reciprocamente interessate a visitare l&#8217;una il paese dell\u2019altra, si accordano per soggiornare tra le mura domestiche&nbsp;<strong>senza pagare alcunch\u00e9<\/strong>. Hai capito bene, \u00e8 una sorta di&nbsp;<strong>baratto<\/strong>: io soggiorno in casa tua a Firenze per una settimana, tu fai lo stesso nella mia ad Amsterdam. Al termine del soggiorno ognuno riprende i propri bagagli e torna a casa.<\/p>\n\n\n\n<p>Non necessariamente occorre essere proprietari dell&#8217;alloggio per partecipare allo scambio casa. Lo pu\u00f2 fare anche l&#8217;<strong>affittuario<\/strong>, infatti, per il semplice motivo che a nessuno pu\u00f2 essere vietato di avere ospiti in casa per una o due settimane.<\/p>\n\n\n\n<p>Lo scambio casa pu\u00f2 essere&nbsp;<strong>simultaneo<\/strong>&nbsp;oppure, qualora ci fossero le possibilit\u00e0, pu\u00f2 avvenire in due momenti differenti. Questo dipende dagli accordi stipulati con l\u2019utente coinvolto nello scambio. Certo, occorre saper usare internet, iscriversi ai portali specializzati (a breve ti forniremo un elenco da cui attingere) e avere tempo e pazienza da dedicare alla ricerca di una coppia o di una famiglia per effettuare lo scambio.<\/p>\n\n\n\n<p>Una volta trovata la casa che ci piace nel luogo desiderato, non sar\u00e0 necessario eseguire chiss\u00e0 quale procedura. E&#8217; consigliabile, per\u00f2, compilare e sottoscrivere una sorta di reciproco accordo fra i rispettivi proprietari: l&#8217;utilizzatore della casa dell&#8217;altro deve occuparsi di pagare anche le bollette? Deve annaffiare le piante? Deve prendersi cura del cane? Pu\u00f2 utilizzare tranquillamente telefono e Internet? E via disccorrendo. Tutti questi aspetti possono essere messi nero su bianco attraverso un semplice&nbsp;<a href=\"https:\/\/www.moduli.it\/modulo-di-accordo-per-scambio-casa-5559\"><strong>modulo di accordo per scambio casa<\/strong><\/a>&nbsp;(che puoi scaricare gratuitamente da Moduli.it).<\/p>\n\n\n\n<p>L&#8217;altra cosa da fare \u00e8 cercare, per quanto possibile, di rispettare il cosiddetto \u201c<strong>galateo per lo scambio casa<\/strong>\u201d. Niente di trascendentale, non preoccuparti, si tratta solo di qualche consiglio per accogliere i propri ospiti e a tua volta essere un buon ospite. O meglio, un degno scambista di case.<\/p>\n\n\n\n<p>Pensa che quella dello&nbsp;<strong>scambio casa<\/strong>&nbsp;\u00e8 una pratica che si svolge in con regolarit\u00e0 in tutta Europa gi\u00e0 da molti anni. Inizialmente erano gli insegnanti a scambiarsi le dimore per qualche tempo, con l\u2019intento di conoscere meglio la lingua e la cultura altrui, poi con il tempo lo scambio casa si estese ai ragazzi, studenti o ricercatori, fino a coinvolgere anche altre persone, addirittura paesi interi. L\u2019obiettivo principale, inizialmente, non era quello di&nbsp;<strong>risparmiare sulle vacanze<\/strong>, ma avere un\u2019<strong>esperienza autentica al 100%<\/strong>, vivendo il paese come i locals e non come i turisti. Approfitta, quindi, per fare di necessit\u00e0 virt\u00f9, viaggiando senza spendere una fortuna e lasciando che l\u2019esperienza ti arricchisca pi\u00f9 di quanto potrebbe fare una crociera o una settimana in un villaggio.<\/p>\n\n\n\n<p>Inoltre devi considerare un&nbsp;<strong>ulteriore vantaggio<\/strong>: ospitando a casa tua una famiglia, mentre tu consumi il tempo libero altrove, non dovrai nemmeno partire col pensiero di lasciare casa per un periodo di tempo, con il pericolo che entrino i ladri, le piante si secchino e i pesciolini muoiano di fame. Pensa che alcune persone, per evitare questi inconvenienti cercano un&nbsp;<strong>house sitter<\/strong>, ovvero un ospite che si occupi della casa, mandando avanti le classiche faccende, la manutenzione del giardino, la cura degli animali domestici, il pagamento delle bollette e cos\u00ec via,&nbsp;<strong>in cambio di alloggio gratuito<\/strong>. Un altro modo intelligente e alternativo per viaggiare e scoprire sempre posti nuovi a prezzi piccoli, che abbiamo illustrato nei dettagli scrivendo l\u2019articolo \u201c<a href=\"https:\/\/www.moduli.it\/house-sitting-come-girare-il-mondo-soggiornando-gratis-13678\"><strong>House sitting: come girare il mondo soggiornando gratis<\/strong><\/a>\u201d.<\/p>\n\n\n\n<h2 class=\"wp-block-heading\" id=\"toc_002\">Scambio e baratto casa: i siti pi\u00f9 affidabili e come utilizzarli<\/h2>\n\n\n\n<p>Sai gi\u00e0 che quella dello&nbsp;<strong>scambio casa<\/strong>&nbsp;non \u00e8 un\u2019economia, ma una pratica, svolta fin dagli anni \u201950 da vere e proprie organizzazioni, che ora sono facilmente reperibili grazie alla rete. Se ti interessa lo scambio casa, infatti, puoi affidarti tranquillamente alle community presenti sui siti specializzati, le quali non sono costituite da alieni, ma persone comuni, proprio come te.<\/p>\n\n\n\n<p>Ogni utente ha un&nbsp;<strong>profilo<\/strong>&nbsp;sul quale condivide i dettagli sulla propria casa e su se stesso, di modo da trovare con pi\u00f9 facilit\u00e0 un utente valido per lo scambio, con cui condividere questa esperienza. Facciamo un esempio: Joe, un bassista californiano che vive con la sua ragazza in un monolocale a Los Angeles ed \u00e8 interessato a visitare Roma, cercher\u00e0 un piccolo appartamento in citt\u00e0, non una villa con 7 camere da letto in Ciociaria. Viceversa la famiglia di Antonio (che ha 4 figli) non potrebbe mai vivere in un monolocale californiano, ma magari in un bel cottage sulla spiaggia, fuori dal trambusto e dai pericoli della metropoli.<\/p>\n\n\n\n<p>Ecco quali sono i&nbsp;<strong>migliori siti per lo scambio casa<\/strong>:<\/p>\n\n\n\n<p>&#8211;&nbsp;<strong>Homelink<\/strong>&nbsp;<em>https:\/\/homelink.it\/<\/em><br>&#8211;&nbsp;<strong>Scambiocasa<\/strong>&nbsp;<em>www.scambiocasa.com<br><\/em>&#8211;&nbsp;<strong>Stay4free<\/strong>&nbsp;<em>www.stay4free.com<\/em><br>&#8211;&nbsp;<strong>GuesttoGuest<\/strong>&nbsp;&nbsp;<em>www.guesttoguest.it\/it<\/em>\/<br>&#8211;&nbsp;<strong>HomeforHome<\/strong>&nbsp;<em>http:\/\/it.homeforhome.com<br>&#8211;&nbsp;<\/em><strong>Home for Exchange<\/strong><em>&nbsp;&#8211; www.homeforexchange.com\/<\/em><\/p>\n\n\n\n<p>Ci sono, poi, portali specializzati nello&nbsp;<strong>scambio di seconde case in localit\u00e0 turistiche<\/strong>, come&nbsp;<em>www.ivhe.com<\/em>,&nbsp;<strong>portali dedicati ad architetti e designers<\/strong>&nbsp;che scambiano casa e ispirazione solo tra colleghi, su&nbsp;<em>www.behomm.com<\/em>, infine siti dedicati alle case pi\u00f9 chic da scambiare con abitazioni altrettanto curate, su&nbsp;<em>www.lovehomeswap.com<\/em>.<\/p>\n\n\n\n<p>Lo scambio della casa&nbsp;<strong>\u00e8 sempre gratuito<\/strong>, tuttavia alcuni portali possono richiedere il pagamento di una piccola somma di denaro per l\u2019iscrizione o per l\u2019abbonamento ai servizi offerti dal sito: ricevere segnalazioni sulle schede sulle case pubblicate da altri, salvare le schede preferite in un\u2019area personale, gestire le proprie informazioni personali, ricevere aggiornamenti e news, ecc. Il costo, chiaramente, varia da portale a portale, cos\u00ec come le politiche di soggiorno e l\u2019etichetta da rispettare per lo scambio, di cui parlavamo qualche riga pi\u00f9 su.<\/p>\n\n\n\n<p>Fondamentalmente l\u2019iscrizione \u00e8 una procedura facilissima da completare: devi inserire le informazioni su te stesso e sulla tua abitazione (cercando di essere il pi\u00f9 onesto possibile), documentando il tutto con delle&nbsp;<strong>foto<\/strong>. Poi devi selezionare le&nbsp;<strong>destinazioni che sei interessato a visitare<\/strong>.<\/p>\n\n\n\n<p>Considera che, sebbene in Italia la pratica dello scambio casa non sia ancora molto diffusa, ci sono moltissime persone in tutto il mondo ansiose di poter visitare il Bel Paese; dunque la bellezza della nostra penisola giocher\u00e0 sicuramente a tuo vantaggio. Non preoccuparti se non vivi in una zona turistica, in quanto abbattendo i costi del soggiorno, in molti sono disposti a viaggiare per diverse ore al fine di raggiungere le destinazioni di interesse artistico o paesaggistico (in Italia fortunatamente c\u2019\u00e8 davvero l\u2019imbarazzo della scelta!).<\/p>\n\n\n\n<p>Dopo aver selezionato le tue destinazioni, inizierai a ricevere richieste e potrai a tua volta cominciare la tua ricerca personale. Vedrai, registrarti e trovare lo scambio casa adatto a te sar\u00e0 pi\u00f9 facile di quanto pensi, ma chiaramente dovrai essere flessibile, contemplando i limiti e le necessit\u00e0 altrui, esattamente come gli altri dovranno fare con te.<\/p>\n\n\n\n<p>La pratica dello scambio casa si basa innanzi tutto sulla&nbsp;<strong>fiducia reciproca<\/strong>, ma come si \u00e8 detto anche sulla sottoscrizione di un&nbsp;<a href=\"https:\/\/www.moduli.it\/modulo-di-accordo-per-scambio-casa-5559\"><strong>accordo formale<\/strong><\/a>&nbsp;con cui le parti stabiliscono come gestire lo scambio, specificando il numero di persone coinvolte, il periodo di riferimento, i particolari circa le spese di condominio, delle utenze e cos\u00ec via. Questo \u00e8 il&nbsp;<a href=\"https:\/\/www.moduli.it\/modulo-di-accordo-per-scambio-casa-5559\">facsimile<\/a>&nbsp;che puoi consultare e scaricare gratuitamente da Moduli.it.<\/p>\n\n\n\n<h2 class=\"wp-block-heading\" id=\"toc_003\">Scambio casa: come preparare la tua casa allo scambio<\/h2>\n\n\n\n<p>Diciamoci la verit\u00e0, c\u2019\u00e8 sempre un po\u2019 di apprensione, quando si deve lasciare la propria casa nelle mani di altre persone. Se quella che scambi \u00e8 la tua seconda casa (quella che usi solo in alcuni periodi dell&#8217;anno e nella quale non tieni oggetti di pregio) non ci saranno particolari problemi, mentre qualora l\u2019<strong>oggetto dello scambio<\/strong>&nbsp;riguardasse la tua&nbsp;<strong>abitazione principale<\/strong>, allora il consiglio \u00e8 quello di riporre in un luogo sicuro tutti gli oggetti di pregio, come gioielli, collezioni, quadri e cos\u00ec via. Se proprio vuoi escludere ogni rischio, affidali ad amici o parenti.<\/p>\n\n\n\n<p>Rendi l\u2019ambiente accogliente, magari lasciando qualcosa in frigorifero e un piccolo cadeau per gli ospiti: vanno bene le specialit\u00e0 locali, come una bottiglia di vino o un vassoio di dolcetti. Pulisci e riassetta al meglio, con la speranza che gli ospiti lascino la casa altrettanto in ordine. Per questioni pratiche, ma soprattutto di sicurezza, disponi i fogli illustrativi dei principali elettrodomestici, come il condizionatore, la tv, il proiettore, l\u2019impianto d\u2019allarme e cos\u00ec via. Lascia anche una lista di contatti da chiamare in caso di emergenza: dal 118 ai Vigili del fuoco, fino al numero dei tuoi vicini di casa pi\u00f9 fidati o di un familiare che vive non distante da l\u00ec e che potrebbe soccorrerli in caso di necessit\u00e0.<\/p>\n\n\n\n<p>Non essenziali, ma sicuramente molto gradite saranno anche le brochure riguardanti le attivit\u00e0 ludiche da svolgere in zona, le mete turistiche da visitare, la lista dei borghi pi\u00f9 belli e cos\u00ec via.<\/p>\n\n\n\n<p>Da precisare, infine, che oltre allo scambio dell&#8217;abitazione, le parti possono prevedere anche quello dell&#8217;<strong>automobile<\/strong>, quanto mai utile per muoversi da una parte all&#8217;altra della localit\u00e0 scelta.<\/p>\n\n\n\n<h2 class=\"wp-block-heading\" id=\"toc_004\"><\/h2>","protected":false},"excerpt":{"rendered":"<p>Scambiare la tua casa con altri viaggiatori \u00e8 una alternativa valida e sempre pi\u00f9 utilizzata per assicurarsi un alloggio confortevole e gratuito quando si viaggia. Elencati qui sotto trovi i servizi,sempre aggiornati, pi\u00f9 conosciuti e utilizzati dai viaggiatori di tutto il mondo per contattare altri viaggiatori interessati a uno scambio casa, per periodi pi\u00f9 o [&hellip;]<\/p>\n","protected":false},"author":1,"featured_media":0,"parent":0,"menu_order":0,"comment_status":"closed","ping_status":"closed","template":"","meta":{"om_disable_all_campaigns":false,"_monsterinsights_skip_tracking":false,"_monsterinsights_sitenote_active":false,"_monsterinsights_sitenote_note":"","_monsterinsights_sitenote_category":0,"footnotes":""},"class_list":["post-415","page","type-page","status-publish","hentry"],"blocksy_meta":[],"aioseo_notices":[],"_links":{"self":[{"href":"https:\/\/www.darsenamossa.com\/en\/wp-json\/wp\/v2\/pages\/415","targetHints":{"allow":["GET"]}}],"collection":[{"href":"https:\/\/www.darsenamossa.com\/en\/wp-json\/wp\/v2\/pages"}],"about":[{"href":"https:\/\/www.darsenamossa.com\/en\/wp-json\/wp\/v2\/types\/page"}],"author":[{"embeddable":true,"href":"https:\/\/www.darsenamossa.com\/en\/wp-json\/wp\/v2\/users\/1"}],"replies":[{"embeddable":true,"href":"https:\/\/www.darsenamossa.com\/en\/wp-json\/wp\/v2\/comments?post=415"}],"version-history":[{"count":6,"href":"https:\/\/www.darsenamossa.com\/en\/wp-json\/wp\/v2\/pages\/415\/revisions"}],"predecessor-version":[{"id":1670,"href":"https:\/\/www.darsenamossa.com\/en\/wp-json\/wp\/v2\/pages\/415\/revisions\/1670"}],"wp:attachment":[{"href":"https:\/\/www.darsenamossa.com\/en\/wp-json\/wp\/v2\/media?parent=415"}],"curies":[{"name":"wp","href":"https:\/\/api.w.org\/{rel}","templated":true}]}}