{"id":417,"date":"2020-04-24T20:18:48","date_gmt":"2020-04-24T18:18:48","guid":{"rendered":"http:\/\/localhost\/DarsenamossaWP\/?page_id=417"},"modified":"2023-08-14T08:59:41","modified_gmt":"2023-08-14T06:59:41","slug":"trovare-alloggi-e-ospitalita","status":"publish","type":"page","link":"https:\/\/www.darsenamossa.com\/en\/trovare-alloggi-e-ospitalita\/","title":{"rendered":"Trovare Alloggi e Ospitalit\u00e0"},"content":{"rendered":"<p>Scegli la sistemazione che pi\u00f9 ti piace, sperimenta le nuove tipologie di alloggio a basso costo o scambia ospitalit\u00e0 nel mondo, grazie ai servizi online e alle applicazioni qui elencate, sempre aggiornate, utili per organizzarti e risparmare quando sei in viaggio.<\/p>","protected":false},"excerpt":{"rendered":"<p>Scegli la sistemazione che pi\u00f9 ti piace, sperimenta le nuove tipologie di alloggio a basso costo o scambia ospitalit\u00e0 nel mondo, grazie ai servizi online e alle applicazioni qui elencate, sempre aggiornate, utili per organizzarti e risparmare quando sei in viaggio.<\/p>","protected":false},"author":1,"featured_media":0,"parent":0,"menu_order":0,"comment_status":"closed","ping_status":"closed","template":"","meta":{"om_disable_all_campaigns":false,"_monsterinsights_skip_tracking":false,"_monsterinsights_sitenote_active":false,"_monsterinsights_sitenote_note":"","_monsterinsights_sitenote_category":0,"footnotes":""},"class_list":["post-417","page","type-page","status-publish","hentry"],"blocksy_meta":[],"aioseo_notices":[],"_links":{"self":[{"href":"https:\/\/www.darsenamossa.com\/en\/wp-json\/wp\/v2\/pages\/417","targetHints":{"allow":["GET"]}}],"collection":[{"href":"https:\/\/www.darsenamossa.com\/en\/wp-json\/wp\/v2\/pages"}],"about":[{"href":"https:\/\/www.darsenamossa.com\/en\/wp-json\/wp\/v2\/types\/page"}],"author":[{"embeddable":true,"href":"https:\/\/www.darsenamossa.com\/en\/wp-json\/wp\/v2\/users\/1"}],"replies":[{"embeddable":true,"href":"https:\/\/www.darsenamossa.com\/en\/wp-json\/wp\/v2\/comments?post=417"}],"version-history":[{"count":3,"href":"https:\/\/www.darsenamossa.com\/en\/wp-json\/wp\/v2\/pages\/417\/revisions"}],"predecessor-version":[{"id":1667,"href":"https:\/\/www.darsenamossa.com\/en\/wp-json\/wp\/v2\/pages\/417\/revisions\/1667"}],"wp:attachment":[{"href":"https:\/\/www.darsenamossa.com\/en\/wp-json\/wp\/v2\/media?parent=417"}],"curies":[{"name":"wp","href":"https:\/\/api.w.org\/{rel}","templated":true}]}}