{"id":570,"date":"2020-04-26T13:58:45","date_gmt":"2020-04-26T11:58:45","guid":{"rendered":"http:\/\/localhost\/DarsenamossaWP\/?page_id=570"},"modified":"2023-11-10T15:59:55","modified_gmt":"2023-11-10T14:59:55","slug":"applicazioni-e-programmi","status":"publish","type":"page","link":"https:\/\/www.darsenamossa.com\/en\/applicazioni-e-programmi\/","title":{"rendered":"Applicazioni e Programmi"},"content":{"rendered":"<h1 class=\"wp-block-heading\">Quali programmi e applicazioni utilizzare per lavorare da remoto viaggiando<\/h1>\n\n\n\n<p>Se sei un lavoratore che ama viaggiare e desideri lavorare da remoto, allora hai bisogno dei giusti strumenti per rendere la tua esperienza di lavoro fluida e produttiva. In questo articolo, ti guider\u00f2 attraverso alcuni dei migliori programmi e applicazioni che puoi utilizzare per lavorare da remoto mentre sei in viaggio.<\/p>\n\n\n\n<p>1.&nbsp;<strong>Slack:<\/strong>&nbsp;Slack \u00e8 una piattaforma di comunicazione che ti consente di comunicare facilmente con i tuoi colleghi di lavoro. Puoi creare canali di comunicazione per progetti specifici e inviare messaggi diretti a singoli membri del team. Questo ti aiuta a rimanere connesso e aggiornato sulle attivit\u00e0 di lavoro, anche quando sei lontano dall&#8217;ufficio.<\/p>\n\n\n\n<p>2.&nbsp;<strong>Trello:<\/strong>&nbsp;Trello \u00e8 uno strumento di gestione dei progetti che ti aiuta a organizzare e tenere traccia delle tue attivit\u00e0 di lavoro. Puoi creare bacheche per progetti specifici e aggiungere schede per le singole attivit\u00e0. Questo ti permette di visualizzare facilmente lo stato dei tuoi progetti e collaborare con i tuoi colleghi di lavoro in modo efficiente.<\/p>\n\n\n\n<p>3.&nbsp;<strong>Google Drive:<\/strong>&nbsp;Google Drive \u00e8 un servizio di archiviazione cloud che ti permette di salvare e condividere file online. Puoi creare documenti, fogli di calcolo e presentazioni direttamente su Google Drive e condividerli con i tuoi colleghi di lavoro. Questo ti consente di lavorare su documenti in collaborazione, anche quando sei in viaggio.<\/p>\n\n\n\n<p>4.&nbsp;<strong>Zoom:<\/strong>&nbsp;Zoom \u00e8 una piattaforma di videoconferenza che ti consente di partecipare a riunioni online con i tuoi colleghi di lavoro. Puoi organizzare videochiamate di gruppo o chiamate individuali e condividere lo schermo durante le riunioni. Questo ti aiuta a mantenere una comunicazione efficace e a partecipare alle riunioni aziendali, anche quando sei lontano dall&#8217;ufficio.<\/p>\n\n\n\n<p>5.&nbsp;<strong>Evernote:<\/strong>&nbsp;Evernote \u00e8 un&#8217;applicazione di prendere appunti che ti consente di organizzare le tue idee e appunti di lavoro. Puoi creare note, aggiungere immagini e allegare file ai tuoi appunti. Questo ti aiuta a mantenere traccia delle tue idee e informazioni importanti, anche quando sei in viaggio.<\/p>\n\n\n\n<p>Utilizzando questi programmi e applicazioni, sarai in grado di lavorare da remoto in modo efficace e produttivo mentre ti godi la tua esperienza di viaggio. Assicurati di avere una connessione internet stabile e di prendere le misure di sicurezza necessarie per proteggere i tuoi dati e la tua privacy durante il lavoro da remoto.<\/p>\n\n\n\n<div class=\"wp-block-siteorigin-panels-layout-block\"><div id=\"pl-570\"  class=\"panel-layout\" ><div id=\"pg-570-0\"  class=\"panel-grid panel-no-style\" ><div id=\"pgc-570-0-0\"  class=\"panel-grid-cell\" ><div id=\"panel-570-0-0-0\" class=\"so-panel widget widget_themegrill_flash_blog tg-widget blog-section panel-first-child panel-last-child\" data-index=\"0\" >\n<div class=\"blog-wrapper tg-column-wrapper\">\n\t<\/div><!-- .blog-wrapper -->\n<\/div><\/div><\/div><\/div><\/div>","protected":false},"excerpt":{"rendered":"<p>Quali programmi e applicazioni utilizzare per lavorare da remoto viaggiando Se sei un lavoratore che ama viaggiare e desideri lavorare da remoto, allora hai bisogno dei giusti strumenti per rendere la tua esperienza di lavoro fluida e produttiva. In questo articolo, ti guider\u00f2 attraverso alcuni dei migliori programmi e applicazioni che puoi utilizzare per lavorare [&hellip;]<\/p>\n","protected":false},"author":1,"featured_media":0,"parent":0,"menu_order":0,"comment_status":"closed","ping_status":"closed","template":"","meta":{"om_disable_all_campaigns":false,"_monsterinsights_skip_tracking":false,"_monsterinsights_sitenote_active":false,"_monsterinsights_sitenote_note":"","_monsterinsights_sitenote_category":0,"footnotes":""},"class_list":["post-570","page","type-page","status-publish","hentry"],"blocksy_meta":[],"aioseo_notices":[],"_links":{"self":[{"href":"https:\/\/www.darsenamossa.com\/en\/wp-json\/wp\/v2\/pages\/570","targetHints":{"allow":["GET"]}}],"collection":[{"href":"https:\/\/www.darsenamossa.com\/en\/wp-json\/wp\/v2\/pages"}],"about":[{"href":"https:\/\/www.darsenamossa.com\/en\/wp-json\/wp\/v2\/types\/page"}],"author":[{"embeddable":true,"href":"https:\/\/www.darsenamossa.com\/en\/wp-json\/wp\/v2\/users\/1"}],"replies":[{"embeddable":true,"href":"https:\/\/www.darsenamossa.com\/en\/wp-json\/wp\/v2\/comments?post=570"}],"version-history":[{"count":2,"href":"https:\/\/www.darsenamossa.com\/en\/wp-json\/wp\/v2\/pages\/570\/revisions"}],"predecessor-version":[{"id":1814,"href":"https:\/\/www.darsenamossa.com\/en\/wp-json\/wp\/v2\/pages\/570\/revisions\/1814"}],"wp:attachment":[{"href":"https:\/\/www.darsenamossa.com\/en\/wp-json\/wp\/v2\/media?parent=570"}],"curies":[{"name":"wp","href":"https:\/\/api.w.org\/{rel}","templated":true}]}}