{"id":850,"date":"2020-06-22T16:14:06","date_gmt":"2020-06-22T14:14:06","guid":{"rendered":"http:\/\/localhost\/DarsenamossaWP\/?page_id=850"},"modified":"2023-08-14T08:59:41","modified_gmt":"2023-08-14T06:59:41","slug":"guadagnare-con-le-affiliazioni","status":"publish","type":"page","link":"https:\/\/www.darsenamossa.com\/en\/guadagnare-con-le-affiliazioni\/","title":{"rendered":"Guadagnare con le affiliazioni"},"content":{"rendered":"<p>L\u2019Affiliate Marketing, letteralmente marketing di affiliazione, \u00e8 una tipologia di investimento pubblicitario che prevede il pagamento di una commissione da parte dell\u2019azienda che vuole promuovere i suoi prodotti\/servizi all\u2019affiliato sulla base dei risultati generati.<\/p>\n\n\n\n<p>Di fatto dunque l\u2019azienda che decide di aprire un programma di affiliazione, o una campagna di affiliazione, pagher\u00e0 all\u2019affiliato una commissione solamente sui risultati generati.<\/p>\n\n\n\n<p>Per risultati solitamente si intendono:<\/p>\n\n\n\n<ul class=\"wp-block-list\"><li>Vendite (Campagne CPS, Cost Per Sale)<\/li><li>Lead (Contatti, Campagne CPL, Cost Per Lead)<\/li><li>Azioni (Campagne CPA, Cost Per Action, un esempio di action \u00e8 il Download)<\/li><li>Installazione Software\/App (Campagne CPI, Cost Per Install)<\/li><\/ul>\n\n\n\n<p>Esiste poi una ulteriore tipologia di campagna in affiliazione, quella in&nbsp;<strong>Revenue Share<\/strong>, ovvero in \u201cCondivisione dei guadagni\u201d: questa prevede una commissione ricorrente per la vendita di un prodotto o di un servizio in abbonamento (immagina banalmente l\u2019acquisto della licenza di un software che prevede il pagamento di un canone mensile, l\u2019affiliato che riceve una commissione in revenue share guadagner\u00e0 ogni mese fino a quando l\u2019utente finale pagher\u00e0 il suo abbonamento mensile per l\u2019utilizzo del software).<\/p>\n\n\n\n<p>Quando si decide di&nbsp;<strong>lavorare con l\u2019Affiliate Marketing<\/strong>&nbsp;\u00e8 possibile iscriversi direttamente ad un programma di affiliazione o iscriversi all\u2019interno di un&nbsp;<strong>Network di Affiliazione<\/strong>, all\u2019interno del quale sono presenti varie campagne e vari inserzionisti.<\/p>\n\n\n\n<p>Le due tipologie di affiliazioni vengono dunque distinte in:<\/p>\n\n\n\n<ul class=\"wp-block-list\"><li>Affiliazioni Dirette<\/li><li>Network di Affiliazione<\/li><\/ul>\n\n\n\n<p>Semplificando, un esempio di Affiliazione diretta \u00e8 l\u2019<a rel=\"noreferrer noopener\" href=\"https:\/\/www.monetizzando.com\/affiliazione-amazon\/\" target=\"_blank\">Affiliazione Amazon<\/a>&nbsp;o l\u2019<a rel=\"noreferrer noopener\" href=\"https:\/\/www.monetizzando.com\/affiliazione-booking\/\" target=\"_blank\">Affiliazione di Booking.com<\/a>, mentre un esempio di network di affiliazione \u00e8&nbsp;<a rel=\"noreferrer noopener\" href=\"https:\/\/www.monetizzando.com\/tradetracker\/\" target=\"_blank\">TradeTracker Affiliate Network<\/a>.<\/p>\n\n\n\n<p>Sempre pi\u00f9 aziende, attraverso internet, decidono di aprire un&nbsp;<strong>programma di affiliazione<\/strong>, permettendo cos\u00ec a chiunque (purch\u00e9 vengano rispettati termini e condizioni riportati) di iscriversi quindi di guadagnare promuovendo i loro prodotti o servizi.<\/p>\n\n\n\n<p>Questi prodotti o servizi possono essere promossi in vari modi:<\/p>\n\n\n\n<ul class=\"wp-block-list\"><li>Gli influencer li promuovono tramite i loro account social<\/li><li>I blogger li promuovono tramite contenuti pubblicati sui blog<\/li><li>Gli YouTuber li promuovono tramite video e recensioni su YouTube<\/li><li>Gli Affiliate Marketer utilizzano diverse fonti di traffico, sfruttando il&nbsp;<strong>paid advertising<\/strong>, ovvero la pubblicit\u00e0 a pagamento<\/li><\/ul>\n\n\n\n<p>Attenzione a questo aspetto: se si decide di fare affiliate marketing utilizzando il traffico a pagamento (vale a dire la pubblicit\u00e0 a pagamento o, come si dice in inglese,&nbsp;<em>paid advertising<\/em>), l\u2019affiliato dovr\u00e0 investire per acquistare traffico da una \u201ctraffic source\u201d che, come detto prima in quest\u2019articolo, pu\u00f2 essere Google (attraverso Google Ads), Facebook (attraverso Facebook Ads), YouTube (attraverso Youtube Ads), il Native (attraverso piattaforme come Outbrain e Ligatus) e chi pi\u00f9 ne ha pi\u00f9 ne metta.<\/p>\n\n\n\n<p>Entriamo dunque nel pratico per capire&nbsp;<strong>come fare affiliate marketing<\/strong>&nbsp;(semplificando): un affiliato o aspirante affiliato deve come prima cosa&nbsp;<strong>iscriversi ad un network di affiliazione o ad un programma di affiliazione, quindi dovr\u00e0:<\/strong><\/p>\n\n\n\n<ul class=\"wp-block-list\"><li>Scegliere una delle offerte disponibili (valutando quale sia la migliore)<\/li><li>Richiedere l\u2019approvazione alla promozione della campagna (dopo aver letto termini e condizioni, tipologia di traffico accettato, termini di pagamento, \u2026)<\/li><li>Creare dei contenuti (nel caso si voglia lavorare con la SEO ed il traffico organico) o delle creativit\u00e0 (che includono banner, selezione di immagini, scelta del testo da utilizzare, landing page) da utilizzare per la promozione dell\u2019offerta<\/li><li>Creare la campagna pubblicitaria sulla traffic source selezionata<\/li><li>Valutare l\u2019andamento delle campagne, stoppare quelle in perdita e scalare quelle in profitto<\/li><\/ul>\n\n\n\n<p>Fatta questa breve introduzione \u00e8 importante capire quali sono le figure che ruotano intorno al mondo dell\u2019Affiliate Marketing:<\/p>\n\n\n\n<ul class=\"wp-block-list\"><li><strong>Advertiser\/Merchant<\/strong>: colui che vuole vendere prodotti\/servizi (un esempio di advertiser pu\u00f2 essere Vodafone che vuole vendere abbonamenti telefonici per la linea fissa\/mobile, oppure Zalando che vuole vendere prodotti tramite il suo sito)<\/li><li><strong>Affiliato\/Publisher:<\/strong>&nbsp;chi cerca \u201cofferte\u201d e \u201ccampagne\u201d da promuovere tramite varie fonti di traffico (Facebook, Google, Native, Traffico Pop, SEO, Siti Internet, Blog, Portali)<\/li><li><strong>Affiliate Network:<\/strong>&nbsp;in italiano Network di Affiliazione, \u00e8 quella figura che si pone fra l\u2019affiliato e l\u2019advertiser e che solitamente raccoglie affiliati e inserzionisti (vedremo pi\u00f9 avanti perch\u00e9 \u00e8 importante affidarsi a network di affiliazione solidi ed affidabili)<\/li><li><strong>Affiliate Manager:<\/strong>&nbsp;\u00e8 la persona che lavora per un network di affiliazione e che cura i rapporti fra affiliati e network e fra affiliati ed inserzionisti<\/li><li><strong>Media Buyer:<\/strong>&nbsp;\u00e8 il professionista che si occupa di acquistare spazi pubblicitari e di gestire l\u2019acquisto di pubblicit\u00e0 tramite le varie traffic sources<\/li><\/ul>\n\n\n\n<p>A proposito dell\u2019affiliate network, il suo ruolo \u00e8 importante perch\u00e9 il network fa in qualche modo da garante per tutte le parti: regola i rapporti con l\u2019advertiser e si occupa di gestire la parte commerciale ed amministrativa e al tempo stesso regola i rapporti con i publisher verificando che vengano rispettate le linee guida e i termini e condizioni delle campagne, semplificando anche la gestione della fatturazione al publisher che dovr\u00e0 emettere una fattura unica per le commissioni maturate all\u2019interno del network invece che emettere singole fatture per ogni inserzionista con cui ha lavorato e generato commissioni (semplificando).<\/p>\n\n\n\n<p>Il network di affiliazione inoltre si occupa di fornire agli inserzionisti la \u201cpiattaforma di affiliazione\u201d ovvero di tutta la parte tecnica che permette di sviluppare una affiliazione.<\/p>\n\n\n\n<h3 class=\"wp-block-heading\">Come guadagna un affiliato?<\/h3>\n\n\n\n<p>Un affiliato guadagna solamente per le conversioni generate:<\/p>\n\n\n\n<ul class=\"wp-block-list\"><li>Per la compilazione di moduli di contatto \/ richiesta informazioni (lead)<\/li><li>Per la vendita di un prodotto o di un servizio<\/li><li>Per l\u2019installazione di un software o di una app<\/li><\/ul>\n\n\n\n<p>Proprio per questo motivo, l\u2019affiliato viene oggi paragonato al \u201cvenditore porta a porta 2.0\u201d, ovvero a quella persona che, anzich\u00e9 passare di casa in casa per proporre un singolo prodotto (lavorando come rappresentante monomandatario), pu\u00f2 proporre tutti i prodotti\/servizi che vuole a molti attraverso siti internet e online advertising.<\/p>\n\n\n\n<p>Oltre alle traffic sources di cui ho gi\u00e0 parlato, un affiliato pu\u00f2 inoltre guadagnare:<\/p>\n\n\n\n<ul class=\"wp-block-list\"><li>Attraverso Gruppi Telegram<\/li><li>Attraverso Gruppi Facebook<\/li><li>Attraverso DEM (Direct Email Marketing)<\/li><\/ul>\n\n\n\n<p><strong>Quanto si pu\u00f2 guadagnare con l\u2019affiliate marketing?<\/strong><\/p>\n\n\n\n<p>La verit\u00e0 \u00e8 che teoricamente non ci sono limiti: con l\u2019affiliate marketing si pu\u00f2 guadagnare tantissimo (come forse avrai visto gi\u00e0 dallo screen tratto da Stack That Money, o magari da qualche sponsorizzata su Facebook che proponeva un corso sull\u2019affiliate marketing), ma si pu\u00f2 anche&nbsp;<strong>perdere tutto<\/strong>.<\/p>\n\n\n\n<p>\u00c8 infatti importante avere un buon&nbsp;<strong>cash flow<\/strong>, saper selezionare le giuste campagne, saper gestire criticit\u00e0 e problemi che si incontrano lungo il percorso (di cui oggi, il pi\u00f9 frequente, \u00e8 sicuramente il<strong>&nbsp;ban dell\u2019account Facebook Ads<\/strong>).<\/p>\n\n\n\n<p>Fare l\u2019affiliate marketer significa diventare degli imprenditori di s\u00e9 stessi e, come tutte le attivit\u00e0 imprenditoriali, comporta dei rischi.<\/p>\n\n\n\n<p>Bisogna inoltre sempre considerare che chi decide di intraprendere l\u2019attivit\u00e0 di affiliate marketer dovr\u00e0 mettersi in regola con il fisco,&nbsp;<a rel=\"noreferrer noopener\" href=\"https:\/\/www.monetizzando.com\/come-aprire-partita-iva\/\" target=\"_blank\">aprire partita IVA<\/a>&nbsp;e tenere in considerazione i costi che si dovranno sostenere per le tasse (a tal proposito ti consiglio di dare una occhiata a&nbsp;<a rel=\"noreferrer noopener\" href=\"https:\/\/www.monetizzando.com\/soluzione-tasse-consulenti-e-commercialisti-specializzati-in-risparmio-fiscale\/\" target=\"_blank\">Soluzione Tasse<\/a>&nbsp;se hai gi\u00e0 una attivit\u00e0 che genera cifre importanti, o al manuale di&nbsp;<a rel=\"noreferrer noopener\" href=\"https:\/\/www.monetizzando.com\/come-pagare-meno-tasse-legalmente\/\" target=\"_blank\">escapologia fiscale<\/a>&nbsp;se vuoi sapere come pagare meno tasse legalmente).<\/p>\n\n\n\n<p>Facciamo un esempio concreto.<\/p>\n\n\n\n<p>Supponiamo che tu debba vendere una griglia elettrica che ti permette di fare grigliate senza fumo e di fare grigliate anche in casa.<\/p>\n\n\n\n<p>Invece di scegliere di promuoverla come \u201cGriglia elettrica\u201d o \u201cgriglia che non fa fumo\u201d potresti scegliere un pubblico pi\u00f9 specifico e di nicchia (trovando quello che in gergo viene definito \u201cAngle\u201d, per approfondire leggi l\u2019articolo&nbsp;<a rel=\"noreferrer noopener\" href=\"https:\/\/www.monetizzando.com\/angles\/\" target=\"_blank\">Angle e Affiliate Marketing<\/a>).<\/p>\n\n\n\n<p>Ad esempio potresti pensare alla nicchia delle persone vegetariane e promuovere la griglia come una griglia per grigliate vegetariane di verdure e hamburger vegani senza fumo!<\/p>\n\n\n\n<p>Questo ti permette di avere un pubblico di riferimento pi\u00f9 ristretto e di promuovere un prodotto da un punto di vista differente, catturando cos\u00ec l\u2019attenzione di un pubblico che potrebbe acquistare il prodotto che stai promuovendo.<\/p>\n\n\n\n<p>Per vendere un prodotto in affiliazione, inoltre, l\u2019affiliate marketer lavora sul&nbsp;<strong>problema<\/strong>&nbsp;o sul&nbsp;<strong>bisogno<\/strong>&nbsp;del suo potenziale cliente, creando delle landing page o degli&nbsp;<strong><a href=\"https:\/\/www.monetizzando.com\/advertorial\/\" target=\"_blank\" rel=\"noreferrer noopener\">advertorial<\/a><\/strong>&nbsp;in cui propone il prodotto seguendo uno schema preciso:<\/p>\n\n\n\n<ul class=\"wp-block-list\"><li>Si parte dalla Headline, ovvero dal titolo (dell\u2019inserzione e dell\u2019advertorial) che cattura l\u2019attenzione dell\u2019utente;<\/li><li>Si comincia dunque parlando del&nbsp;<strong>problema<\/strong>&nbsp;spesso sviluppandolo ed amplificandolo (non si comincia mai parlando del prodotto\/servizio), alcune domande tipiche sono \u201cQuali sono le cause di questo problema?\u201d \u201cQuali sono le conseguenze di questo problema?\u201d<\/li><li>Si passa poi alla soluzione spiegando come il prodotto\/servizio che si vuole promuovere pu\u00f2 aiutare il potenziale acquirente a risolvere quel problema<\/li><li>Si inserisce la Call to Action, ovvero l\u2019invito all\u2019azione (acquisto\/download\/iscrizione)<\/li><\/ul>","protected":false},"excerpt":{"rendered":"<p>L\u2019Affiliate Marketing, letteralmente marketing di affiliazione, \u00e8 una tipologia di investimento pubblicitario che prevede il pagamento di una commissione da parte dell\u2019azienda che vuole promuovere i suoi prodotti\/servizi all\u2019affiliato sulla base dei risultati generati. Di fatto dunque l\u2019azienda che decide di aprire un programma di affiliazione, o una campagna di affiliazione, pagher\u00e0 all\u2019affiliato una commissione [&hellip;]<\/p>\n","protected":false},"author":1,"featured_media":0,"parent":0,"menu_order":0,"comment_status":"closed","ping_status":"closed","template":"","meta":{"om_disable_all_campaigns":false,"_monsterinsights_skip_tracking":false,"_monsterinsights_sitenote_active":false,"_monsterinsights_sitenote_note":"","_monsterinsights_sitenote_category":0,"footnotes":""},"class_list":["post-850","page","type-page","status-publish","hentry"],"blocksy_meta":[],"aioseo_notices":[],"_links":{"self":[{"href":"https:\/\/www.darsenamossa.com\/en\/wp-json\/wp\/v2\/pages\/850","targetHints":{"allow":["GET"]}}],"collection":[{"href":"https:\/\/www.darsenamossa.com\/en\/wp-json\/wp\/v2\/pages"}],"about":[{"href":"https:\/\/www.darsenamossa.com\/en\/wp-json\/wp\/v2\/types\/page"}],"author":[{"embeddable":true,"href":"https:\/\/www.darsenamossa.com\/en\/wp-json\/wp\/v2\/users\/1"}],"replies":[{"embeddable":true,"href":"https:\/\/www.darsenamossa.com\/en\/wp-json\/wp\/v2\/comments?post=850"}],"version-history":[{"count":3,"href":"https:\/\/www.darsenamossa.com\/en\/wp-json\/wp\/v2\/pages\/850\/revisions"}],"predecessor-version":[{"id":1690,"href":"https:\/\/www.darsenamossa.com\/en\/wp-json\/wp\/v2\/pages\/850\/revisions\/1690"}],"wp:attachment":[{"href":"https:\/\/www.darsenamossa.com\/en\/wp-json\/wp\/v2\/media?parent=850"}],"curies":[{"name":"wp","href":"https:\/\/api.w.org\/{rel}","templated":true}]}}